{"id":256022,"date":"2024-09-29T11:00:58","date_gmt":"2024-09-29T11:00:58","guid":{"rendered":"https:\/\/irankiuzona.lt\/product\/svirkstu-komplektas-skysciams-3vnt\/"},"modified":"2026-04-12T01:55:27","modified_gmt":"2026-04-12T01:55:27","slug":"svirkstu-komplektas-skysciams-3vnt","status":"publish","type":"product","link":"https:\/\/irankiuzona.lt\/ru\/product\/svirkstu-komplektas-skysciams-3vnt\/","title":{"rendered":"\u0160virk\u0161t\u0173  komplektas skys\u010diams 3vnt."},"content":{"rendered":"<p>Rankinis \u0161virk\u0161tas 350 ml\u0160virk\u0161tas su siurbimo funkcija (350m + 1000ml)\u0161virk\u0161tas su skys\u010dio \u012fpur\u0161kimo funkcija (350 ml + 1000 ml)Lenta, kuri turi b\u016bti pritvirtinta prie sienos<\/p>","protected":false},"excerpt":{"rendered":"<p>\u0160virk\u0161t\u0173\u00a0 komplektas skys\u010diams 3vnt.<\/p>","protected":false},"featured_media":256024,"comment_status":"open","ping_status":"closed","template":"","meta":[],"product_cat":[9490],"product_tag":[],"class_list":{"0":"post-256022","1":"product","2":"type-product","3":"status-publish","4":"has-post-thumbnail","6":"product_cat-svirkstai-tepalams-alyvai","8":"first","9":"instock","10":"purchasable","11":"product-type-simple"},"jetpack_sharing_enabled":true,"_links":{"self":[{"href":"https:\/\/irankiuzona.lt\/ru\/wp-json\/wp\/v2\/product\/256022","targetHints":{"allow":["GET"]}}],"collection":[{"href":"https:\/\/irankiuzona.lt\/ru\/wp-json\/wp\/v2\/product"}],"about":[{"href":"https:\/\/irankiuzona.lt\/ru\/wp-json\/wp\/v2\/types\/product"}],"replies":[{"embeddable":true,"href":"https:\/\/irankiuzona.lt\/ru\/wp-json\/wp\/v2\/comments?post=256022"}],"version-history":[{"count":1,"href":"https:\/\/irankiuzona.lt\/ru\/wp-json\/wp\/v2\/product\/256022\/revisions"}],"predecessor-version":[{"id":420531,"href":"https:\/\/irankiuzona.lt\/ru\/wp-json\/wp\/v2\/product\/256022\/revisions\/420531"}],"wp:featuredmedia":[{"embeddable":true,"href":"https:\/\/irankiuzona.lt\/ru\/wp-json\/wp\/v2\/media\/256024"}],"wp:attachment":[{"href":"https:\/\/irankiuzona.lt\/ru\/wp-json\/wp\/v2\/media?parent=256022"}],"wp:term":[{"taxonomy":"product_cat","embeddable":true,"href":"https:\/\/irankiuzona.lt\/ru\/wp-json\/wp\/v2\/product_cat?post=256022"},{"taxonomy":"product_tag","embeddable":true,"href":"https:\/\/irankiuzona.lt\/ru\/wp-json\/wp\/v2\/product_tag?post=256022"}],"curies":[{"name":"wp","href":"https:\/\/api.w.org\/{rel}","templated":true}]}}