{"id":256034,"date":"2024-09-29T11:01:00","date_gmt":"2024-09-29T11:01:00","guid":{"rendered":"https:\/\/irankiuzona.lt\/product\/galvutes-3-8-tepalo-isleidimo-varztams-atsukti-18vnt\/"},"modified":"2026-04-15T07:08:51","modified_gmt":"2026-04-15T07:08:51","slug":"galvutes-3-8-tepalo-isleidimo-varztams-atsukti-18vnt","status":"publish","type":"product","link":"https:\/\/irankiuzona.lt\/ru\/product\/galvutes-3-8-tepalo-isleidimo-varztams-atsukti-18vnt\/","title":{"rendered":"Galvut\u0117s 3\/8 tepalo i\u0161leidimo var\u017etams atsukti 18vnt"},"content":{"rendered":"<p>\u0161e\u0161iakampis: 8 mm, 9 mm, 10 mm, 12 mm, 14 mm, 17 mmkvadratas: 5\/16 &quot;, 3\/8&quot;, 7mm, 8mm, 10mm, 11mm, 12mm, 13mm, 14mmtrikampis i\u0161orinis dangtelis, 10 mm 3\/8<\/p>","protected":false},"excerpt":{"rendered":"<p>Galvut\u0117s 3\/8 tepalo i\u0161leidimo var\u017etams atsukti<\/p>","protected":false},"featured_media":256036,"comment_status":"open","ping_status":"open","template":"","meta":[],"product_cat":[9577],"product_tag":[],"class_list":{"0":"post-256034","1":"product","2":"type-product","3":"status-publish","4":"has-post-thumbnail","6":"product_cat-galvutes-antgaliai","8":"first","9":"outofstock","10":"purchasable","11":"product-type-simple"},"jetpack_sharing_enabled":true,"_links":{"self":[{"href":"https:\/\/irankiuzona.lt\/ru\/wp-json\/wp\/v2\/product\/256034","targetHints":{"allow":["GET"]}}],"collection":[{"href":"https:\/\/irankiuzona.lt\/ru\/wp-json\/wp\/v2\/product"}],"about":[{"href":"https:\/\/irankiuzona.lt\/ru\/wp-json\/wp\/v2\/types\/product"}],"replies":[{"embeddable":true,"href":"https:\/\/irankiuzona.lt\/ru\/wp-json\/wp\/v2\/comments?post=256034"}],"version-history":[{"count":1,"href":"https:\/\/irankiuzona.lt\/ru\/wp-json\/wp\/v2\/product\/256034\/revisions"}],"predecessor-version":[{"id":420535,"href":"https:\/\/irankiuzona.lt\/ru\/wp-json\/wp\/v2\/product\/256034\/revisions\/420535"}],"wp:featuredmedia":[{"embeddable":true,"href":"https:\/\/irankiuzona.lt\/ru\/wp-json\/wp\/v2\/media\/256036"}],"wp:attachment":[{"href":"https:\/\/irankiuzona.lt\/ru\/wp-json\/wp\/v2\/media?parent=256034"}],"wp:term":[{"taxonomy":"product_cat","embeddable":true,"href":"https:\/\/irankiuzona.lt\/ru\/wp-json\/wp\/v2\/product_cat?post=256034"},{"taxonomy":"product_tag","embeddable":true,"href":"https:\/\/irankiuzona.lt\/ru\/wp-json\/wp\/v2\/product_tag?post=256034"}],"curies":[{"name":"wp","href":"https:\/\/api.w.org\/{rel}","templated":true}]}}