{"id":256107,"date":"2024-09-29T11:01:08","date_gmt":"2024-09-29T11:01:08","guid":{"rendered":"https:\/\/irankiuzona.lt\/product\/galvutes-3-8-tepalo-isleidimo-varztams-atsukti\/"},"modified":"2026-04-15T08:15:47","modified_gmt":"2026-04-15T08:15:47","slug":"galvutes-3-8-tepalo-isleidimo-varztams-atsukti","status":"publish","type":"product","link":"https:\/\/irankiuzona.lt\/ru\/product\/galvutes-3-8-tepalo-isleidimo-varztams-atsukti\/","title":{"rendered":"Galvut\u0117s 3\/8 tepalo i\u0161leidimo var\u017etams atsukti"},"content":{"rendered":"<p>\u0161e\u0161iakampis: 8 mm, 9 mm, 10 mm, 12 mm, 14 mm, 17 mmkvadratas: 5\/16 &quot;, 3\/8&quot;, 7mm, 8mm, 10mm, 11mm, 12mm, 13mm, 14mm3\/8 &quot;<\/p>","protected":false},"excerpt":{"rendered":"<p>Galvut\u0117s 3\/8 tepalo i\u0161leidimo var\u017etams atsukti<\/p>","protected":false},"featured_media":256109,"comment_status":"open","ping_status":"open","template":"","meta":[],"product_cat":[9577],"product_tag":[],"class_list":{"0":"post-256107","1":"product","2":"type-product","3":"status-publish","4":"has-post-thumbnail","6":"product_cat-galvutes-antgaliai","8":"first","9":"outofstock","10":"purchasable","11":"product-type-simple"},"jetpack_sharing_enabled":true,"_links":{"self":[{"href":"https:\/\/irankiuzona.lt\/ru\/wp-json\/wp\/v2\/product\/256107","targetHints":{"allow":["GET"]}}],"collection":[{"href":"https:\/\/irankiuzona.lt\/ru\/wp-json\/wp\/v2\/product"}],"about":[{"href":"https:\/\/irankiuzona.lt\/ru\/wp-json\/wp\/v2\/types\/product"}],"replies":[{"embeddable":true,"href":"https:\/\/irankiuzona.lt\/ru\/wp-json\/wp\/v2\/comments?post=256107"}],"version-history":[{"count":1,"href":"https:\/\/irankiuzona.lt\/ru\/wp-json\/wp\/v2\/product\/256107\/revisions"}],"predecessor-version":[{"id":420559,"href":"https:\/\/irankiuzona.lt\/ru\/wp-json\/wp\/v2\/product\/256107\/revisions\/420559"}],"wp:featuredmedia":[{"embeddable":true,"href":"https:\/\/irankiuzona.lt\/ru\/wp-json\/wp\/v2\/media\/256109"}],"wp:attachment":[{"href":"https:\/\/irankiuzona.lt\/ru\/wp-json\/wp\/v2\/media?parent=256107"}],"wp:term":[{"taxonomy":"product_cat","embeddable":true,"href":"https:\/\/irankiuzona.lt\/ru\/wp-json\/wp\/v2\/product_cat?post=256107"},{"taxonomy":"product_tag","embeddable":true,"href":"https:\/\/irankiuzona.lt\/ru\/wp-json\/wp\/v2\/product_tag?post=256107"}],"curies":[{"name":"wp","href":"https:\/\/api.w.org\/{rel}","templated":true}]}}