{"id":256149,"date":"2024-09-29T11:10:10","date_gmt":"2024-09-29T11:10:10","guid":{"rendered":"https:\/\/irankiuzona.lt\/product\/presavimo-varztas-b9423-m10x2\/"},"modified":"2026-04-15T22:42:30","modified_gmt":"2026-04-15T22:42:30","slug":"presavimo-varztas-b9423-m10x2","status":"publish","type":"product","link":"https:\/\/irankiuzona.lt\/ru\/product\/presavimo-varztas-b9423-m10x2\/","title":{"rendered":"Presavimo var\u017etas B9423 M10x2"},"content":{"rendered":"<p>Ver\u017eliarak\u010dio dydis 17 mmIlgis 305 mm<\/p>","protected":false},"excerpt":{"rendered":"<p>Presavimo var\u017etas B9423 M10x2<\/p>","protected":false},"featured_media":256151,"comment_status":"open","ping_status":"open","template":"","meta":[],"product_cat":[9731],"product_tag":[9845],"class_list":{"0":"post-256149","1":"product","2":"type-product","3":"status-publish","4":"has-post-thumbnail","6":"product_brand-vokietija-germany","7":"product_cat-guoliu-sailentbloku-presavimo-irankiai","8":"product_tag-vokietija-germany","10":"first","11":"outofstock","12":"purchasable","13":"product-type-simple"},"jetpack_sharing_enabled":true,"_links":{"self":[{"href":"https:\/\/irankiuzona.lt\/ru\/wp-json\/wp\/v2\/product\/256149","targetHints":{"allow":["GET"]}}],"collection":[{"href":"https:\/\/irankiuzona.lt\/ru\/wp-json\/wp\/v2\/product"}],"about":[{"href":"https:\/\/irankiuzona.lt\/ru\/wp-json\/wp\/v2\/types\/product"}],"replies":[{"embeddable":true,"href":"https:\/\/irankiuzona.lt\/ru\/wp-json\/wp\/v2\/comments?post=256149"}],"version-history":[{"count":1,"href":"https:\/\/irankiuzona.lt\/ru\/wp-json\/wp\/v2\/product\/256149\/revisions"}],"predecessor-version":[{"id":420572,"href":"https:\/\/irankiuzona.lt\/ru\/wp-json\/wp\/v2\/product\/256149\/revisions\/420572"}],"wp:featuredmedia":[{"embeddable":true,"href":"https:\/\/irankiuzona.lt\/ru\/wp-json\/wp\/v2\/media\/256151"}],"wp:attachment":[{"href":"https:\/\/irankiuzona.lt\/ru\/wp-json\/wp\/v2\/media?parent=256149"}],"wp:term":[{"taxonomy":"product_cat","embeddable":true,"href":"https:\/\/irankiuzona.lt\/ru\/wp-json\/wp\/v2\/product_cat?post=256149"},{"taxonomy":"product_tag","embeddable":true,"href":"https:\/\/irankiuzona.lt\/ru\/wp-json\/wp\/v2\/product_tag?post=256149"}],"curies":[{"name":"wp","href":"https:\/\/api.w.org\/{rel}","templated":true}]}}