{"id":256198,"date":"2024-09-29T11:10:15","date_gmt":"2024-09-29T11:10:15","guid":{"rendered":"https:\/\/irankiuzona.lt\/product\/raktas-lenktas-7x9mm-sesiakampe-kilpa\/"},"modified":"2026-04-13T19:50:07","modified_gmt":"2026-04-13T19:50:07","slug":"raktas-lenktas-7x9mm-sesiakampe-kilpa","status":"publish","type":"product","link":"https:\/\/irankiuzona.lt\/ru\/product\/raktas-lenktas-7x9mm-sesiakampe-kilpa\/","title":{"rendered":"Raktas lenktas 7x9mm \/ \u0161e\u0161iakamp\u0117 kilpa"},"content":{"rendered":"<p>Extra lond 75 degree double ring 6PT spenner, 240mm long<\/p>","protected":false},"excerpt":{"rendered":"<p>Raktas lenktas 7mm x 9mm stabd\u017ei\u0173 nuorinimo ta\u0161kams \/ \u0161e\u0161iakamp\u0117 kilpa<\/p>","protected":false},"featured_media":256200,"comment_status":"open","ping_status":"open","template":"","meta":[],"product_cat":[9534],"product_tag":[9778],"class_list":{"0":"post-256198","1":"product","2":"type-product","3":"status-publish","4":"has-post-thumbnail","6":"product_brand-triumf-professional-tools-slovakija","7":"product_cat-stabdziu-remonto-nuorinimo-irankiai","8":"product_tag-triumf-professional-tools-slovakija","10":"first","11":"instock","12":"purchasable","13":"product-type-simple"},"jetpack_sharing_enabled":true,"_links":{"self":[{"href":"https:\/\/irankiuzona.lt\/ru\/wp-json\/wp\/v2\/product\/256198","targetHints":{"allow":["GET"]}}],"collection":[{"href":"https:\/\/irankiuzona.lt\/ru\/wp-json\/wp\/v2\/product"}],"about":[{"href":"https:\/\/irankiuzona.lt\/ru\/wp-json\/wp\/v2\/types\/product"}],"replies":[{"embeddable":true,"href":"https:\/\/irankiuzona.lt\/ru\/wp-json\/wp\/v2\/comments?post=256198"}],"version-history":[{"count":1,"href":"https:\/\/irankiuzona.lt\/ru\/wp-json\/wp\/v2\/product\/256198\/revisions"}],"predecessor-version":[{"id":420586,"href":"https:\/\/irankiuzona.lt\/ru\/wp-json\/wp\/v2\/product\/256198\/revisions\/420586"}],"wp:featuredmedia":[{"embeddable":true,"href":"https:\/\/irankiuzona.lt\/ru\/wp-json\/wp\/v2\/media\/256200"}],"wp:attachment":[{"href":"https:\/\/irankiuzona.lt\/ru\/wp-json\/wp\/v2\/media?parent=256198"}],"wp:term":[{"taxonomy":"product_cat","embeddable":true,"href":"https:\/\/irankiuzona.lt\/ru\/wp-json\/wp\/v2\/product_cat?post=256198"},{"taxonomy":"product_tag","embeddable":true,"href":"https:\/\/irankiuzona.lt\/ru\/wp-json\/wp\/v2\/product_tag?post=256198"}],"curies":[{"name":"wp","href":"https:\/\/api.w.org\/{rel}","templated":true}]}}