{"id":256201,"date":"2024-09-29T11:10:16","date_gmt":"2024-09-29T11:10:16","guid":{"rendered":"https:\/\/irankiuzona.lt\/product\/galvute-12mm-su-ispjova-vamzdeliams-3-8-lizdu\/"},"modified":"2026-04-13T17:57:10","modified_gmt":"2026-04-13T17:57:10","slug":"galvute-12mm-su-ispjova-vamzdeliams-3-8-lizdu","status":"publish","type":"product","link":"https:\/\/irankiuzona.lt\/ru\/product\/galvute-12mm-su-ispjova-vamzdeliams-3-8-lizdu\/","title":{"rendered":"Galvut\u0117 12mm su i\u0161pjova vamzdeliams \/ 3\/8 lizdu"},"content":{"rendered":"","protected":false},"excerpt":{"rendered":"<p>Spec. galvut\u0117 12mm su i\u0161pjova vamzdeli\u0173 atsukimui<\/p>","protected":false},"featured_media":256203,"comment_status":"open","ping_status":"open","template":"","meta":[],"product_cat":[9585],"product_tag":[9778],"class_list":{"0":"post-256201","1":"product","2":"type-product","3":"status-publish","4":"has-post-thumbnail","6":"product_brand-triumf-professional-tools-slovakija","7":"product_cat-irankiai-kuro-vamzdeliams","8":"product_tag-triumf-professional-tools-slovakija","10":"first","11":"instock","12":"purchasable","13":"product-type-simple"},"jetpack_sharing_enabled":true,"_links":{"self":[{"href":"https:\/\/irankiuzona.lt\/ru\/wp-json\/wp\/v2\/product\/256201","targetHints":{"allow":["GET"]}}],"collection":[{"href":"https:\/\/irankiuzona.lt\/ru\/wp-json\/wp\/v2\/product"}],"about":[{"href":"https:\/\/irankiuzona.lt\/ru\/wp-json\/wp\/v2\/types\/product"}],"replies":[{"embeddable":true,"href":"https:\/\/irankiuzona.lt\/ru\/wp-json\/wp\/v2\/comments?post=256201"}],"version-history":[{"count":1,"href":"https:\/\/irankiuzona.lt\/ru\/wp-json\/wp\/v2\/product\/256201\/revisions"}],"predecessor-version":[{"id":420587,"href":"https:\/\/irankiuzona.lt\/ru\/wp-json\/wp\/v2\/product\/256201\/revisions\/420587"}],"wp:featuredmedia":[{"embeddable":true,"href":"https:\/\/irankiuzona.lt\/ru\/wp-json\/wp\/v2\/media\/256203"}],"wp:attachment":[{"href":"https:\/\/irankiuzona.lt\/ru\/wp-json\/wp\/v2\/media?parent=256201"}],"wp:term":[{"taxonomy":"product_cat","embeddable":true,"href":"https:\/\/irankiuzona.lt\/ru\/wp-json\/wp\/v2\/product_cat?post=256201"},{"taxonomy":"product_tag","embeddable":true,"href":"https:\/\/irankiuzona.lt\/ru\/wp-json\/wp\/v2\/product_tag?post=256201"}],"curies":[{"name":"wp","href":"https:\/\/api.w.org\/{rel}","templated":true}]}}