{"id":256207,"date":"2024-09-29T11:10:16","date_gmt":"2024-09-29T11:10:16","guid":{"rendered":"https:\/\/irankiuzona.lt\/product\/apdailos-ardymo-reples-3-ispjovu-fiksatoriams\/"},"modified":"2026-04-13T19:50:07","modified_gmt":"2026-04-13T19:50:07","slug":"apdailos-ardymo-reples-3-ispjovu-fiksatoriams","status":"publish","type":"product","link":"https:\/\/irankiuzona.lt\/ru\/product\/apdailos-ardymo-reples-3-ispjovu-fiksatoriams\/","title":{"rendered":"Apdailos ardymo repl\u0117s, 3 i\u0161pjov\u0173 fiksatoriams"},"content":{"rendered":"<p>Push pin pliers &#8211; Nissan\/Infiniti<\/p>","protected":false},"excerpt":{"rendered":"<p>Spec repl\u0117s apdailos ardymui, plastikiniems fiksatoriams su trijomis i\u0161pjovomis \/ Nissan-Infinity apdailos\u00a0<\/p>","protected":false},"featured_media":256209,"comment_status":"open","ping_status":"open","template":"","meta":[],"product_cat":[9529],"product_tag":[9778],"class_list":{"0":"post-256207","1":"product","2":"type-product","3":"status-publish","4":"has-post-thumbnail","6":"product_brand-triumf-professional-tools-slovakija","7":"product_cat-irankiai-apdailos-ardymui","8":"product_tag-triumf-professional-tools-slovakija","10":"first","11":"outofstock","12":"purchasable","13":"product-type-simple"},"jetpack_sharing_enabled":true,"_links":{"self":[{"href":"https:\/\/irankiuzona.lt\/ru\/wp-json\/wp\/v2\/product\/256207","targetHints":{"allow":["GET"]}}],"collection":[{"href":"https:\/\/irankiuzona.lt\/ru\/wp-json\/wp\/v2\/product"}],"about":[{"href":"https:\/\/irankiuzona.lt\/ru\/wp-json\/wp\/v2\/types\/product"}],"replies":[{"embeddable":true,"href":"https:\/\/irankiuzona.lt\/ru\/wp-json\/wp\/v2\/comments?post=256207"}],"version-history":[{"count":1,"href":"https:\/\/irankiuzona.lt\/ru\/wp-json\/wp\/v2\/product\/256207\/revisions"}],"predecessor-version":[{"id":420589,"href":"https:\/\/irankiuzona.lt\/ru\/wp-json\/wp\/v2\/product\/256207\/revisions\/420589"}],"wp:featuredmedia":[{"embeddable":true,"href":"https:\/\/irankiuzona.lt\/ru\/wp-json\/wp\/v2\/media\/256209"}],"wp:attachment":[{"href":"https:\/\/irankiuzona.lt\/ru\/wp-json\/wp\/v2\/media?parent=256207"}],"wp:term":[{"taxonomy":"product_cat","embeddable":true,"href":"https:\/\/irankiuzona.lt\/ru\/wp-json\/wp\/v2\/product_cat?post=256207"},{"taxonomy":"product_tag","embeddable":true,"href":"https:\/\/irankiuzona.lt\/ru\/wp-json\/wp\/v2\/product_tag?post=256207"}],"curies":[{"name":"wp","href":"https:\/\/api.w.org\/{rel}","templated":true}]}}