{"id":256225,"date":"2024-09-29T11:10:18","date_gmt":"2024-09-29T11:10:18","guid":{"rendered":"https:\/\/irankiuzona.lt\/product\/uzdegimo-zvakes-traukiklis-m14-ir-m16-dydis-epdm\/"},"modified":"2026-04-05T21:50:11","modified_gmt":"2026-04-05T21:50:11","slug":"uzdegimo-zvakes-traukiklis-m14-ir-m16-dydis-epdm","status":"publish","type":"product","link":"https:\/\/irankiuzona.lt\/ru\/product\/uzdegimo-zvakes-traukiklis-m14-ir-m16-dydis-epdm\/","title":{"rendered":"U\u017edegimo \u017evak\u0117s traukiklis, M14 ir M16 dydis, EPDM"},"content":{"rendered":"<p>M14\u00a0ir M16<\/p>","protected":false},"excerpt":{"rendered":"<p>U\u017edegimo \u017evak\u0117s traukiklis, M14 ir M16 dydis, EPDM<\/p>","protected":false},"featured_media":256227,"comment_status":"open","ping_status":"open","template":"","meta":[],"product_cat":[9740],"product_tag":[9778],"class_list":{"0":"post-256225","1":"product","2":"type-product","3":"status-publish","4":"has-post-thumbnail","6":"product_brand-triumf-professional-tools-slovakija","7":"product_cat-raktai-zvakems","8":"product_tag-triumf-professional-tools-slovakija","10":"first","11":"instock","12":"purchasable","13":"product-type-simple"},"jetpack_sharing_enabled":true,"_links":{"self":[{"href":"https:\/\/irankiuzona.lt\/ru\/wp-json\/wp\/v2\/product\/256225","targetHints":{"allow":["GET"]}}],"collection":[{"href":"https:\/\/irankiuzona.lt\/ru\/wp-json\/wp\/v2\/product"}],"about":[{"href":"https:\/\/irankiuzona.lt\/ru\/wp-json\/wp\/v2\/types\/product"}],"replies":[{"embeddable":true,"href":"https:\/\/irankiuzona.lt\/ru\/wp-json\/wp\/v2\/comments?post=256225"}],"version-history":[{"count":0,"href":"https:\/\/irankiuzona.lt\/ru\/wp-json\/wp\/v2\/product\/256225\/revisions"}],"wp:featuredmedia":[{"embeddable":true,"href":"https:\/\/irankiuzona.lt\/ru\/wp-json\/wp\/v2\/media\/256227"}],"wp:attachment":[{"href":"https:\/\/irankiuzona.lt\/ru\/wp-json\/wp\/v2\/media?parent=256225"}],"wp:term":[{"taxonomy":"product_cat","embeddable":true,"href":"https:\/\/irankiuzona.lt\/ru\/wp-json\/wp\/v2\/product_cat?post=256225"},{"taxonomy":"product_tag","embeddable":true,"href":"https:\/\/irankiuzona.lt\/ru\/wp-json\/wp\/v2\/product_tag?post=256225"}],"curies":[{"name":"wp","href":"https:\/\/api.w.org\/{rel}","templated":true}]}}