{"id":256351,"date":"2024-09-29T11:10:33","date_gmt":"2024-09-29T11:10:33","guid":{"rendered":"https:\/\/irankiuzona.lt\/product\/virve-padangu-remontui-200mm\/"},"modified":"2026-04-15T04:23:06","modified_gmt":"2026-04-15T04:23:06","slug":"virve-padangu-remontui-200mm","status":"publish","type":"product","link":"https:\/\/irankiuzona.lt\/ru\/product\/virve-padangu-remontui-200mm\/","title":{"rendered":"Virv\u0117 padang\u0173 remontui 200mm"},"content":{"rendered":"","protected":false},"excerpt":{"rendered":"<p>Virv\u0117 padang\u0173 remontui 200mm<\/p>","protected":false},"featured_media":256353,"comment_status":"open","ping_status":"open","template":"","meta":[],"product_cat":[9843],"product_tag":[],"class_list":{"0":"post-256351","1":"product","2":"type-product","3":"status-publish","4":"has-post-thumbnail","6":"product_cat-lopai-padangoms-kaisciai-virves","8":"first","9":"outofstock","10":"purchasable","11":"product-type-simple"},"jetpack_sharing_enabled":true,"_links":{"self":[{"href":"https:\/\/irankiuzona.lt\/ru\/wp-json\/wp\/v2\/product\/256351","targetHints":{"allow":["GET"]}}],"collection":[{"href":"https:\/\/irankiuzona.lt\/ru\/wp-json\/wp\/v2\/product"}],"about":[{"href":"https:\/\/irankiuzona.lt\/ru\/wp-json\/wp\/v2\/types\/product"}],"replies":[{"embeddable":true,"href":"https:\/\/irankiuzona.lt\/ru\/wp-json\/wp\/v2\/comments?post=256351"}],"version-history":[{"count":1,"href":"https:\/\/irankiuzona.lt\/ru\/wp-json\/wp\/v2\/product\/256351\/revisions"}],"predecessor-version":[{"id":420636,"href":"https:\/\/irankiuzona.lt\/ru\/wp-json\/wp\/v2\/product\/256351\/revisions\/420636"}],"wp:featuredmedia":[{"embeddable":true,"href":"https:\/\/irankiuzona.lt\/ru\/wp-json\/wp\/v2\/media\/256353"}],"wp:attachment":[{"href":"https:\/\/irankiuzona.lt\/ru\/wp-json\/wp\/v2\/media?parent=256351"}],"wp:term":[{"taxonomy":"product_cat","embeddable":true,"href":"https:\/\/irankiuzona.lt\/ru\/wp-json\/wp\/v2\/product_cat?post=256351"},{"taxonomy":"product_tag","embeddable":true,"href":"https:\/\/irankiuzona.lt\/ru\/wp-json\/wp\/v2\/product_tag?post=256351"}],"curies":[{"name":"wp","href":"https:\/\/api.w.org\/{rel}","templated":true}]}}