{"id":256435,"date":"2024-09-29T11:10:44","date_gmt":"2024-09-29T11:10:44","guid":{"rendered":"https:\/\/irankiuzona.lt\/product\/bmw-uzraktu-komplektas-20vnt\/"},"modified":"2026-04-12T20:57:54","modified_gmt":"2026-04-12T20:57:54","slug":"bmw-uzraktu-komplektas-20vnt","status":"publish","type":"product","link":"https:\/\/irankiuzona.lt\/ru\/product\/bmw-uzraktu-komplektas-20vnt\/","title":{"rendered":"BMW u\u017erakt\u0173 komplektas 20vnt"},"content":{"rendered":"<p>BMW ratlankiams<br \/>\nyra 20 \u0161i\u0173 dyd\u017ei\u0173 ratlankio u\u017erakto galvu\u010di\u0173: #41 &#8211; #42 &#8211; #43 &#8211; #44 &#8211; #45 &#8211; #46 &#8211; #47 &#8211; #48 &#8211; #49 &#8211; #50 &#8211; #51 &#8211; #52 &#8211; #53 &#8211; #54 &#8211; #55 &#8211; #56 &#8211; #57 &#8211; #58 &#8211; #59 &#8211; #6017 mm \u0161e\u0161iakamp\u0117s<\/p>","protected":false},"excerpt":{"rendered":"<p>BMW u\u017erakt\u0173 komplektas 20vnt<\/p>","protected":false},"featured_media":256437,"comment_status":"open","ping_status":"open","template":"","meta":[],"product_cat":[9797],"product_tag":[9845],"class_list":{"0":"post-256435","1":"product","2":"type-product","3":"status-publish","4":"has-post-thumbnail","6":"product_brand-vokietija-germany","7":"product_cat-irankiai-ratu-slapukams-atsukti","8":"product_tag-vokietija-germany","10":"first","11":"outofstock","12":"purchasable","13":"product-type-simple"},"jetpack_sharing_enabled":true,"_links":{"self":[{"href":"https:\/\/irankiuzona.lt\/ru\/wp-json\/wp\/v2\/product\/256435","targetHints":{"allow":["GET"]}}],"collection":[{"href":"https:\/\/irankiuzona.lt\/ru\/wp-json\/wp\/v2\/product"}],"about":[{"href":"https:\/\/irankiuzona.lt\/ru\/wp-json\/wp\/v2\/types\/product"}],"replies":[{"embeddable":true,"href":"https:\/\/irankiuzona.lt\/ru\/wp-json\/wp\/v2\/comments?post=256435"}],"version-history":[{"count":1,"href":"https:\/\/irankiuzona.lt\/ru\/wp-json\/wp\/v2\/product\/256435\/revisions"}],"predecessor-version":[{"id":420664,"href":"https:\/\/irankiuzona.lt\/ru\/wp-json\/wp\/v2\/product\/256435\/revisions\/420664"}],"wp:featuredmedia":[{"embeddable":true,"href":"https:\/\/irankiuzona.lt\/ru\/wp-json\/wp\/v2\/media\/256437"}],"wp:attachment":[{"href":"https:\/\/irankiuzona.lt\/ru\/wp-json\/wp\/v2\/media?parent=256435"}],"wp:term":[{"taxonomy":"product_cat","embeddable":true,"href":"https:\/\/irankiuzona.lt\/ru\/wp-json\/wp\/v2\/product_cat?post=256435"},{"taxonomy":"product_tag","embeddable":true,"href":"https:\/\/irankiuzona.lt\/ru\/wp-json\/wp\/v2\/product_tag?post=256435"}],"curies":[{"name":"wp","href":"https:\/\/api.w.org\/{rel}","templated":true}]}}