{"id":256438,"date":"2024-09-29T11:10:44","date_gmt":"2024-09-29T11:10:44","guid":{"rendered":"https:\/\/irankiuzona.lt\/product\/irankis-padangu-montavimui-fiksatorius\/"},"modified":"2025-10-30T13:40:57","modified_gmt":"2025-10-30T13:40:57","slug":"irankis-padangu-montavimui-fiksatorius","status":"publish","type":"product","link":"https:\/\/irankiuzona.lt\/ru\/product\/irankis-padangu-montavimui-fiksatorius\/","title":{"rendered":"\u012erankis padang\u0173 montavimui, fiksatorius"},"content":{"rendered":"<p>palengvina rato tvirtinim\u0105 ant ratlankioIlgis 290 mmPlotis 150 mmAuk\u0161tis 50 mmMed\u017eiaga Stiklo pluo\u0161tas (30%)<\/p>","protected":false},"excerpt":{"rendered":"<p>\u012erankis padang\u0173 montavimui, fiksatorius<\/p>","protected":false},"featured_media":256440,"comment_status":"open","ping_status":"open","template":"","meta":[],"product_cat":[9949],"product_tag":[9845],"class_list":{"0":"post-256438","1":"product","2":"type-product","3":"status-publish","4":"has-post-thumbnail","6":"product_brand-vokietija-germany","7":"product_cat-priemones-ratu-montavimui-balansavimui","8":"product_tag-vokietija-germany","10":"first","11":"outofstock","12":"purchasable","13":"product-type-simple"},"jetpack_sharing_enabled":true,"_links":{"self":[{"href":"https:\/\/irankiuzona.lt\/ru\/wp-json\/wp\/v2\/product\/256438","targetHints":{"allow":["GET"]}}],"collection":[{"href":"https:\/\/irankiuzona.lt\/ru\/wp-json\/wp\/v2\/product"}],"about":[{"href":"https:\/\/irankiuzona.lt\/ru\/wp-json\/wp\/v2\/types\/product"}],"replies":[{"embeddable":true,"href":"https:\/\/irankiuzona.lt\/ru\/wp-json\/wp\/v2\/comments?post=256438"}],"version-history":[{"count":1,"href":"https:\/\/irankiuzona.lt\/ru\/wp-json\/wp\/v2\/product\/256438\/revisions"}],"predecessor-version":[{"id":420665,"href":"https:\/\/irankiuzona.lt\/ru\/wp-json\/wp\/v2\/product\/256438\/revisions\/420665"}],"wp:featuredmedia":[{"embeddable":true,"href":"https:\/\/irankiuzona.lt\/ru\/wp-json\/wp\/v2\/media\/256440"}],"wp:attachment":[{"href":"https:\/\/irankiuzona.lt\/ru\/wp-json\/wp\/v2\/media?parent=256438"}],"wp:term":[{"taxonomy":"product_cat","embeddable":true,"href":"https:\/\/irankiuzona.lt\/ru\/wp-json\/wp\/v2\/product_cat?post=256438"},{"taxonomy":"product_tag","embeddable":true,"href":"https:\/\/irankiuzona.lt\/ru\/wp-json\/wp\/v2\/product_tag?post=256438"}],"curies":[{"name":"wp","href":"https:\/\/api.w.org\/{rel}","templated":true}]}}