{"id":256483,"date":"2024-09-29T11:10:48","date_gmt":"2024-09-29T11:10:48","guid":{"rendered":"https:\/\/irankiuzona.lt\/product\/dvigubo-ziedo-kilpiniu-ilgu-raktu-komplektas-8-21-mm\/"},"modified":"2026-04-07T06:00:24","modified_gmt":"2026-04-07T06:00:24","slug":"dvigubo-ziedo-kilpiniu-ilgu-raktu-komplektas-8-21-mm","status":"publish","type":"product","link":"https:\/\/irankiuzona.lt\/ru\/product\/dvigubo-ziedo-kilpiniu-ilgu-raktu-komplektas-8-21-mm\/","title":{"rendered":"Dvigubo \u017eiedo, kilpini\u0173 ilg\u0173 rakt\u0173 komplektas (8-21 mm)"},"content":{"rendered":"<p>8&#215;10 mm 11&#215;13 mm 12&#215;114 mm 15&#215;17 mm 16&#215;18 mm 19&#215;21 mm<\/p>","protected":false},"excerpt":{"rendered":"<p>Dvigubo \u017eiedo, kilpini\u0173 ilg\u0173 rakt\u0173 komplektas (8-21 mm)<\/p>","protected":false},"featured_media":256485,"comment_status":"open","ping_status":"open","template":"","meta":[],"product_cat":[9519],"product_tag":[10087],"class_list":{"0":"post-256483","1":"product","2":"type-product","3":"status-publish","4":"has-post-thumbnail","6":"product_brand-verke","7":"product_cat-prailginti-raktai-ju-komplektai","8":"product_tag-verke","10":"first","11":"outofstock","12":"purchasable","13":"product-type-simple"},"jetpack_sharing_enabled":true,"_links":{"self":[{"href":"https:\/\/irankiuzona.lt\/ru\/wp-json\/wp\/v2\/product\/256483","targetHints":{"allow":["GET"]}}],"collection":[{"href":"https:\/\/irankiuzona.lt\/ru\/wp-json\/wp\/v2\/product"}],"about":[{"href":"https:\/\/irankiuzona.lt\/ru\/wp-json\/wp\/v2\/types\/product"}],"replies":[{"embeddable":true,"href":"https:\/\/irankiuzona.lt\/ru\/wp-json\/wp\/v2\/comments?post=256483"}],"version-history":[{"count":0,"href":"https:\/\/irankiuzona.lt\/ru\/wp-json\/wp\/v2\/product\/256483\/revisions"}],"wp:featuredmedia":[{"embeddable":true,"href":"https:\/\/irankiuzona.lt\/ru\/wp-json\/wp\/v2\/media\/256485"}],"wp:attachment":[{"href":"https:\/\/irankiuzona.lt\/ru\/wp-json\/wp\/v2\/media?parent=256483"}],"wp:term":[{"taxonomy":"product_cat","embeddable":true,"href":"https:\/\/irankiuzona.lt\/ru\/wp-json\/wp\/v2\/product_cat?post=256483"},{"taxonomy":"product_tag","embeddable":true,"href":"https:\/\/irankiuzona.lt\/ru\/wp-json\/wp\/v2\/product_tag?post=256483"}],"curies":[{"name":"wp","href":"https:\/\/api.w.org\/{rel}","templated":true}]}}