{"id":256506,"date":"2024-09-29T11:10:52","date_gmt":"2024-09-29T11:10:52","guid":{"rendered":"https:\/\/irankiuzona.lt\/product\/padangu-remonto-komplektas-su-oro-kompresoriumi-12v\/"},"modified":"2026-05-06T18:54:22","modified_gmt":"2026-05-06T18:54:22","slug":"padangu-remonto-komplektas-su-oro-kompresoriumi-12v","status":"publish","type":"product","link":"https:\/\/irankiuzona.lt\/ru\/product\/padangu-remonto-komplektas-su-oro-kompresoriumi-12v\/","title":{"rendered":"Padang\u0173 remonto komplektas su oro kompresoriumi 12V"},"content":{"rendered":"<p>Cilindro \u00d830 mm, 2 cilindraiLaido L= 3 m, 1.2 m20.75 m gumin\u0117 \u017earna12 V maitinimas i\u0161 automobilio lizdoSrov\u0117 20 AMax oro srautas 40 L\/minRotorius pagamintas i\u0161 varioDarbo trukm\u0117 apie 15 minSu padang\u0173 remonto \u012frankiais, peiliu, repl\u0117mis, dviem atsuktuvais, akumuliatoriaus adapteriu\u012epakavimas &#8211; Plastikin\u0117 d\u0117\u017eut\u0117<\/p>","protected":false},"excerpt":{"rendered":"<p>Pradurtos padangos remonto komplektas + automobilinis oro kompresorius 12V padangoms<\/p>","protected":false},"featured_media":256508,"comment_status":"open","ping_status":"open","template":"","meta":[],"product_cat":[9907],"product_tag":[9435],"class_list":{"0":"post-256506","1":"product","2":"type-product","3":"status-publish","4":"has-post-thumbnail","6":"product_brand-kinija","7":"product_cat-kompresoriukai-padangoms-12v","8":"product_tag-kinija","10":"first","11":"instock","12":"purchasable","13":"product-type-simple"},"jetpack_sharing_enabled":true,"_links":{"self":[{"href":"https:\/\/irankiuzona.lt\/ru\/wp-json\/wp\/v2\/product\/256506","targetHints":{"allow":["GET"]}}],"collection":[{"href":"https:\/\/irankiuzona.lt\/ru\/wp-json\/wp\/v2\/product"}],"about":[{"href":"https:\/\/irankiuzona.lt\/ru\/wp-json\/wp\/v2\/types\/product"}],"replies":[{"embeddable":true,"href":"https:\/\/irankiuzona.lt\/ru\/wp-json\/wp\/v2\/comments?post=256506"}],"version-history":[{"count":1,"href":"https:\/\/irankiuzona.lt\/ru\/wp-json\/wp\/v2\/product\/256506\/revisions"}],"predecessor-version":[{"id":420688,"href":"https:\/\/irankiuzona.lt\/ru\/wp-json\/wp\/v2\/product\/256506\/revisions\/420688"}],"wp:featuredmedia":[{"embeddable":true,"href":"https:\/\/irankiuzona.lt\/ru\/wp-json\/wp\/v2\/media\/256508"}],"wp:attachment":[{"href":"https:\/\/irankiuzona.lt\/ru\/wp-json\/wp\/v2\/media?parent=256506"}],"wp:term":[{"taxonomy":"product_cat","embeddable":true,"href":"https:\/\/irankiuzona.lt\/ru\/wp-json\/wp\/v2\/product_cat?post=256506"},{"taxonomy":"product_tag","embeddable":true,"href":"https:\/\/irankiuzona.lt\/ru\/wp-json\/wp\/v2\/product_tag?post=256506"}],"curies":[{"name":"wp","href":"https:\/\/api.w.org\/{rel}","templated":true}]}}