{"id":256533,"date":"2024-09-29T11:10:55","date_gmt":"2024-09-29T11:10:55","guid":{"rendered":"https:\/\/irankiuzona.lt\/product\/tepalo-surinkimo-bakas-70l-su-skaidria-talpa-issiurbimu-ir-isleidimu\/"},"modified":"2026-05-14T16:14:15","modified_gmt":"2026-05-14T16:14:15","slug":"tepalo-surinkimo-bakas-70l-su-skaidria-talpa-issiurbimu-ir-isleidimu","status":"publish","type":"product","link":"https:\/\/irankiuzona.lt\/ru\/product\/tepalo-surinkimo-bakas-70l-su-skaidria-talpa-issiurbimu-ir-isleidimu\/","title":{"rendered":"TEPALO SURINKIMO BAKAS 70L SU SKAIDRIA TALPA + I\u0160SIURBIMU IR I\u0160LEIDIMU"},"content":{"rendered":"<p>bako talpa &#8211; 70 ldarbinis sl\u0117gis &#8211; 6-8 baraii\u0161leidimo sl\u0117gis &#8211; 0,8 baro6 zondai (2 metaliniai, 4 lankst\u016bs)pneumatinis tiekimasoro s\u0105naudos 250 l\/minsvoris 25 kg<\/p>","protected":false},"excerpt":{"rendered":"<p>TEPALO SURINKIMO BAKAS 70L SU SKAIDRIA TALPA + I\u0160SIURBIMU IR I\u0160LEIDIMU<\/p>","protected":false},"featured_media":256535,"comment_status":"open","ping_status":"open","template":"","meta":[],"product_cat":[10031],"product_tag":[10087],"class_list":{"0":"post-256533","1":"product","2":"type-product","3":"status-publish","4":"has-post-thumbnail","6":"product_brand-verke","7":"product_cat-tepalo-uzpildymo-surinkimo-iranga-talpos-tepalams","8":"product_tag-verke","10":"first","11":"outofstock","12":"purchasable","13":"product-type-simple"},"jetpack_sharing_enabled":true,"_links":{"self":[{"href":"https:\/\/irankiuzona.lt\/ru\/wp-json\/wp\/v2\/product\/256533","targetHints":{"allow":["GET"]}}],"collection":[{"href":"https:\/\/irankiuzona.lt\/ru\/wp-json\/wp\/v2\/product"}],"about":[{"href":"https:\/\/irankiuzona.lt\/ru\/wp-json\/wp\/v2\/types\/product"}],"replies":[{"embeddable":true,"href":"https:\/\/irankiuzona.lt\/ru\/wp-json\/wp\/v2\/comments?post=256533"}],"version-history":[{"count":1,"href":"https:\/\/irankiuzona.lt\/ru\/wp-json\/wp\/v2\/product\/256533\/revisions"}],"predecessor-version":[{"id":420697,"href":"https:\/\/irankiuzona.lt\/ru\/wp-json\/wp\/v2\/product\/256533\/revisions\/420697"}],"wp:featuredmedia":[{"embeddable":true,"href":"https:\/\/irankiuzona.lt\/ru\/wp-json\/wp\/v2\/media\/256535"}],"wp:attachment":[{"href":"https:\/\/irankiuzona.lt\/ru\/wp-json\/wp\/v2\/media?parent=256533"}],"wp:term":[{"taxonomy":"product_cat","embeddable":true,"href":"https:\/\/irankiuzona.lt\/ru\/wp-json\/wp\/v2\/product_cat?post=256533"},{"taxonomy":"product_tag","embeddable":true,"href":"https:\/\/irankiuzona.lt\/ru\/wp-json\/wp\/v2\/product_tag?post=256533"}],"curies":[{"name":"wp","href":"https:\/\/api.w.org\/{rel}","templated":true}]}}