{"id":256646,"date":"2024-09-29T11:20:07","date_gmt":"2024-09-29T11:20:07","guid":{"rendered":"https:\/\/irankiuzona.lt\/product\/purkstuku-freza-raiberis-15x19mm-plokscia\/"},"modified":"2026-04-12T23:06:35","modified_gmt":"2026-04-12T23:06:35","slug":"purkstuku-freza-raiberis-15x19mm-plokscia","status":"publish","type":"product","link":"https:\/\/irankiuzona.lt\/ru\/product\/purkstuku-freza-raiberis-15x19mm-plokscia\/","title":{"rendered":"Purk\u0161tuk\u0173 freza-raiberis 15x19mm \/ plok\u0161\u010dia"},"content":{"rendered":"<p>Freza dyzelinio purk\u0161tuko apa\u010diai, lizdo frezavimui.15mm x 19mm<\/p>","protected":false},"excerpt":{"rendered":"<p>Dyzelini\u0173 purk\u0161tuk\u0173 freza-raiberis 15mm \/ plok\u0161\u010dia<\/p>","protected":false},"featured_media":256648,"comment_status":"open","ping_status":"open","template":"","meta":[],"product_cat":[9698],"product_tag":[10151],"class_list":{"0":"post-256646","1":"product","2":"type-product","3":"status-publish","4":"has-post-thumbnail","6":"product_brand-lenkija-tiekejas","7":"product_cat-frezos-raiberiai-purkstukams","8":"product_tag-lenkija-tiekejas","10":"first","11":"instock","12":"purchasable","13":"product-type-simple"},"jetpack_sharing_enabled":true,"_links":{"self":[{"href":"https:\/\/irankiuzona.lt\/ru\/wp-json\/wp\/v2\/product\/256646","targetHints":{"allow":["GET"]}}],"collection":[{"href":"https:\/\/irankiuzona.lt\/ru\/wp-json\/wp\/v2\/product"}],"about":[{"href":"https:\/\/irankiuzona.lt\/ru\/wp-json\/wp\/v2\/types\/product"}],"replies":[{"embeddable":true,"href":"https:\/\/irankiuzona.lt\/ru\/wp-json\/wp\/v2\/comments?post=256646"}],"version-history":[{"count":1,"href":"https:\/\/irankiuzona.lt\/ru\/wp-json\/wp\/v2\/product\/256646\/revisions"}],"predecessor-version":[{"id":420732,"href":"https:\/\/irankiuzona.lt\/ru\/wp-json\/wp\/v2\/product\/256646\/revisions\/420732"}],"wp:featuredmedia":[{"embeddable":true,"href":"https:\/\/irankiuzona.lt\/ru\/wp-json\/wp\/v2\/media\/256648"}],"wp:attachment":[{"href":"https:\/\/irankiuzona.lt\/ru\/wp-json\/wp\/v2\/media?parent=256646"}],"wp:term":[{"taxonomy":"product_cat","embeddable":true,"href":"https:\/\/irankiuzona.lt\/ru\/wp-json\/wp\/v2\/product_cat?post=256646"},{"taxonomy":"product_tag","embeddable":true,"href":"https:\/\/irankiuzona.lt\/ru\/wp-json\/wp\/v2\/product_tag?post=256646"}],"curies":[{"name":"wp","href":"https:\/\/api.w.org\/{rel}","templated":true}]}}