{"id":256658,"date":"2024-09-29T11:20:09","date_gmt":"2024-09-29T11:20:09","guid":{"rendered":"https:\/\/irankiuzona.lt\/product\/purkstuku-lizdu-pravalymo-komplektas-hogert-ht8g327\/"},"modified":"2026-04-14T21:26:23","modified_gmt":"2026-04-14T21:26:23","slug":"purkstuku-lizdu-pravalymo-komplektas-hogert-ht8g327","status":"publish","type":"product","link":"https:\/\/irankiuzona.lt\/ru\/product\/purkstuku-lizdu-pravalymo-komplektas-hogert-ht8g327\/","title":{"rendered":"Purk\u0161tuk\u0173 lizd\u0173 pravalymo komplektas, HOGERT HT8G327"},"content":{"rendered":"<p>daugumos lengv\u0173j\u0173 automobili\u0173 ir furgon\u0173 modeli\u0173 dyzelini\u0173 varikli\u0173 purk\u0161tukams valyti;komplekte yra:\u017ealvariu dengti plieniniai \u0161epe\u010diai \u2013 3 vnt.;nailoniniai \u0161epe\u010diai \u2013 2 vnt.;prailginimas su greito tvirtinimo rankena \u0161epe\u010diams;purk\u0161tuk\u0173 \u012fleidimo kam\u0161\u010diai \u2013 6 vnt.;surinkimo \/ i\u0161montavimo strypas dangteli\u0173 \u012fd\u0117jimui ir nu\u0117mimui;ner\u016bdijan\u010dio plieno vielinis \u0161epetys skyl\u0117ms valyti.<\/p>","protected":false},"excerpt":{"rendered":"<p>Purk\u0161tuk\u0173 lizd\u0173 pravalymo komplektas<\/p>","protected":false},"featured_media":256660,"comment_status":"open","ping_status":"open","template":"","meta":[],"product_cat":[9673],"product_tag":[9969],"class_list":{"0":"post-256658","1":"product","2":"type-product","3":"status-publish","4":"has-post-thumbnail","6":"product_brand-hogert-technik-vokietija","7":"product_cat-sepeciai-purkstukams","8":"product_tag-hogert-technik-vokietija","10":"first","11":"instock","12":"purchasable","13":"product-type-simple"},"jetpack_sharing_enabled":true,"_links":{"self":[{"href":"https:\/\/irankiuzona.lt\/ru\/wp-json\/wp\/v2\/product\/256658","targetHints":{"allow":["GET"]}}],"collection":[{"href":"https:\/\/irankiuzona.lt\/ru\/wp-json\/wp\/v2\/product"}],"about":[{"href":"https:\/\/irankiuzona.lt\/ru\/wp-json\/wp\/v2\/types\/product"}],"replies":[{"embeddable":true,"href":"https:\/\/irankiuzona.lt\/ru\/wp-json\/wp\/v2\/comments?post=256658"}],"version-history":[{"count":1,"href":"https:\/\/irankiuzona.lt\/ru\/wp-json\/wp\/v2\/product\/256658\/revisions"}],"predecessor-version":[{"id":420736,"href":"https:\/\/irankiuzona.lt\/ru\/wp-json\/wp\/v2\/product\/256658\/revisions\/420736"}],"wp:featuredmedia":[{"embeddable":true,"href":"https:\/\/irankiuzona.lt\/ru\/wp-json\/wp\/v2\/media\/256660"}],"wp:attachment":[{"href":"https:\/\/irankiuzona.lt\/ru\/wp-json\/wp\/v2\/media?parent=256658"}],"wp:term":[{"taxonomy":"product_cat","embeddable":true,"href":"https:\/\/irankiuzona.lt\/ru\/wp-json\/wp\/v2\/product_cat?post=256658"},{"taxonomy":"product_tag","embeddable":true,"href":"https:\/\/irankiuzona.lt\/ru\/wp-json\/wp\/v2\/product_tag?post=256658"}],"curies":[{"name":"wp","href":"https:\/\/api.w.org\/{rel}","templated":true}]}}