{"id":256667,"date":"2024-09-29T11:20:10","date_gmt":"2024-09-29T11:20:10","guid":{"rendered":"https:\/\/irankiuzona.lt\/product\/metaliniu-kabeliu-spaustukai-42-10mm\/"},"modified":"2026-04-14T23:14:16","modified_gmt":"2026-04-14T23:14:16","slug":"metaliniu-kabeliu-spaustukai-42-10mm","status":"publish","type":"product","link":"https:\/\/irankiuzona.lt\/ru\/product\/metaliniu-kabeliu-spaustukai-42-10mm\/","title":{"rendered":"Metalini\u0173 kabeli\u0173 spaustukai 4,2-10mm"},"content":{"rendered":"<p>gnybt\u0173 skersmenys nuo 4,2 iki 10 mm;naudojamas metalin\u0117ms linijoms;rinkinyje 3vnt.<\/p>","protected":false},"excerpt":{"rendered":"<p>Metalini\u0173 kabeli\u0173 spaustukai 4,2-10mm<\/p>","protected":false},"featured_media":256669,"comment_status":"open","ping_status":"open","template":"","meta":[],"product_cat":[9892],"product_tag":[9969],"class_list":{"0":"post-256667","1":"product","2":"type-product","3":"status-publish","4":"has-post-thumbnail","6":"product_brand-hogert-technik-vokietija","7":"product_cat-kiti-irankiai-elektrikui","8":"product_tag-hogert-technik-vokietija","10":"first","11":"instock","12":"purchasable","13":"product-type-simple"},"jetpack_sharing_enabled":true,"_links":{"self":[{"href":"https:\/\/irankiuzona.lt\/ru\/wp-json\/wp\/v2\/product\/256667","targetHints":{"allow":["GET"]}}],"collection":[{"href":"https:\/\/irankiuzona.lt\/ru\/wp-json\/wp\/v2\/product"}],"about":[{"href":"https:\/\/irankiuzona.lt\/ru\/wp-json\/wp\/v2\/types\/product"}],"replies":[{"embeddable":true,"href":"https:\/\/irankiuzona.lt\/ru\/wp-json\/wp\/v2\/comments?post=256667"}],"version-history":[{"count":1,"href":"https:\/\/irankiuzona.lt\/ru\/wp-json\/wp\/v2\/product\/256667\/revisions"}],"predecessor-version":[{"id":420739,"href":"https:\/\/irankiuzona.lt\/ru\/wp-json\/wp\/v2\/product\/256667\/revisions\/420739"}],"wp:featuredmedia":[{"embeddable":true,"href":"https:\/\/irankiuzona.lt\/ru\/wp-json\/wp\/v2\/media\/256669"}],"wp:attachment":[{"href":"https:\/\/irankiuzona.lt\/ru\/wp-json\/wp\/v2\/media?parent=256667"}],"wp:term":[{"taxonomy":"product_cat","embeddable":true,"href":"https:\/\/irankiuzona.lt\/ru\/wp-json\/wp\/v2\/product_cat?post=256667"},{"taxonomy":"product_tag","embeddable":true,"href":"https:\/\/irankiuzona.lt\/ru\/wp-json\/wp\/v2\/product_tag?post=256667"}],"curies":[{"name":"wp","href":"https:\/\/api.w.org\/{rel}","templated":true}]}}