{"id":256687,"date":"2024-09-29T11:20:12","date_gmt":"2024-09-29T11:20:12","guid":{"rendered":"https:\/\/irankiuzona.lt\/product\/refraktometras-10-50c\/"},"modified":"2026-04-04T14:54:21","modified_gmt":"2026-04-04T14:54:21","slug":"refraktometras-10-50c","status":"publish","type":"product","link":"https:\/\/irankiuzona.lt\/ru\/product\/refraktometras-10-50c\/","title":{"rendered":"Refraktometras -10 +50*C"},"content":{"rendered":"<p>atsparus skys\u010diams ir oro s\u0105lygoms;temperat\u016bros diapazonas nuo -10\u00b0C iki + 50\u00b0C;neslystantis korpusas palengvina darb\u0105 ir neleid\u017eia \u012frenginiui i\u0161slysti i\u0161 rank\u0173.<\/p>","protected":false},"excerpt":{"rendered":"<p>Refraktometras -10 +50*C<\/p>","protected":false},"featured_media":256689,"comment_status":"open","ping_status":"open","template":"","meta":[],"product_cat":[9549],"product_tag":[9969],"class_list":{"0":"post-256687","1":"product","2":"type-product","3":"status-publish","4":"has-post-thumbnail","6":"product_brand-hogert-technik-vokietija","7":"product_cat-skysciu-tankio-matuokliai","8":"product_tag-hogert-technik-vokietija","10":"first","11":"instock","12":"purchasable","13":"product-type-simple"},"jetpack_sharing_enabled":true,"_links":{"self":[{"href":"https:\/\/irankiuzona.lt\/ru\/wp-json\/wp\/v2\/product\/256687","targetHints":{"allow":["GET"]}}],"collection":[{"href":"https:\/\/irankiuzona.lt\/ru\/wp-json\/wp\/v2\/product"}],"about":[{"href":"https:\/\/irankiuzona.lt\/ru\/wp-json\/wp\/v2\/types\/product"}],"replies":[{"embeddable":true,"href":"https:\/\/irankiuzona.lt\/ru\/wp-json\/wp\/v2\/comments?post=256687"}],"version-history":[{"count":0,"href":"https:\/\/irankiuzona.lt\/ru\/wp-json\/wp\/v2\/product\/256687\/revisions"}],"wp:featuredmedia":[{"embeddable":true,"href":"https:\/\/irankiuzona.lt\/ru\/wp-json\/wp\/v2\/media\/256689"}],"wp:attachment":[{"href":"https:\/\/irankiuzona.lt\/ru\/wp-json\/wp\/v2\/media?parent=256687"}],"wp:term":[{"taxonomy":"product_cat","embeddable":true,"href":"https:\/\/irankiuzona.lt\/ru\/wp-json\/wp\/v2\/product_cat?post=256687"},{"taxonomy":"product_tag","embeddable":true,"href":"https:\/\/irankiuzona.lt\/ru\/wp-json\/wp\/v2\/product_tag?post=256687"}],"curies":[{"name":"wp","href":"https:\/\/api.w.org\/{rel}","templated":true}]}}