{"id":256699,"date":"2024-09-29T11:20:14","date_gmt":"2024-09-29T11:20:14","guid":{"rendered":"https:\/\/irankiuzona.lt\/product\/stabdziu-suportu-remonto-komplektas-pneumatinis-hogert-ht4r780\/"},"modified":"2026-05-14T18:07:27","modified_gmt":"2026-05-14T18:07:27","slug":"stabdziu-suportu-remonto-komplektas-pneumatinis-hogert-ht4r780","status":"publish","type":"product","link":"https:\/\/irankiuzona.lt\/ru\/product\/stabdziu-suportu-remonto-komplektas-pneumatinis-hogert-ht4r780\/","title":{"rendered":"Stabd\u017ei\u0173 suport\u0173 remonto komplektas \/  pneumatinis, HOGERT HT4R780"},"content":{"rendered":"<p>Stabd\u017ei\u0173 suport\u0173 remonto komplektas \/ pneumatinis Profesionaliam naudojimui Darbinis sl\u0117gis 6 BAR\/91 PSISukimas \u012f de\u0161in\u0119 \/ kair\u0119Darbo diapazonas 20-35 mm<\/p>","protected":false},"excerpt":{"rendered":"<p>Stabd\u017ei\u0173 suport\u0173 remonto komplektas \/\u00a0 pneumatinis<\/p>","protected":false},"featured_media":256701,"comment_status":"open","ping_status":"open","template":"","meta":[],"product_cat":[9540],"product_tag":[9969],"class_list":{"0":"post-256699","1":"product","2":"type-product","3":"status-publish","4":"has-post-thumbnail","6":"product_brand-hogert-technik-vokietija","7":"product_cat-suportu-remonto-irankiai","8":"product_tag-hogert-technik-vokietija","10":"first","11":"instock","12":"purchasable","13":"product-type-simple"},"jetpack_sharing_enabled":true,"_links":{"self":[{"href":"https:\/\/irankiuzona.lt\/ru\/wp-json\/wp\/v2\/product\/256699","targetHints":{"allow":["GET"]}}],"collection":[{"href":"https:\/\/irankiuzona.lt\/ru\/wp-json\/wp\/v2\/product"}],"about":[{"href":"https:\/\/irankiuzona.lt\/ru\/wp-json\/wp\/v2\/types\/product"}],"replies":[{"embeddable":true,"href":"https:\/\/irankiuzona.lt\/ru\/wp-json\/wp\/v2\/comments?post=256699"}],"version-history":[{"count":1,"href":"https:\/\/irankiuzona.lt\/ru\/wp-json\/wp\/v2\/product\/256699\/revisions"}],"predecessor-version":[{"id":420748,"href":"https:\/\/irankiuzona.lt\/ru\/wp-json\/wp\/v2\/product\/256699\/revisions\/420748"}],"wp:featuredmedia":[{"embeddable":true,"href":"https:\/\/irankiuzona.lt\/ru\/wp-json\/wp\/v2\/media\/256701"}],"wp:attachment":[{"href":"https:\/\/irankiuzona.lt\/ru\/wp-json\/wp\/v2\/media?parent=256699"}],"wp:term":[{"taxonomy":"product_cat","embeddable":true,"href":"https:\/\/irankiuzona.lt\/ru\/wp-json\/wp\/v2\/product_cat?post=256699"},{"taxonomy":"product_tag","embeddable":true,"href":"https:\/\/irankiuzona.lt\/ru\/wp-json\/wp\/v2\/product_tag?post=256699"}],"curies":[{"name":"wp","href":"https:\/\/api.w.org\/{rel}","templated":true}]}}