{"id":256735,"date":"2024-09-29T11:20:18","date_gmt":"2024-09-29T11:20:18","guid":{"rendered":"https:\/\/irankiuzona.lt\/product\/alkuninio-veleno-riebokslio-irankis-jaguar-rover\/"},"modified":"2026-04-13T03:45:44","modified_gmt":"2026-04-13T03:45:44","slug":"alkuninio-veleno-riebokslio-irankis-jaguar-rover","status":"publish","type":"product","link":"https:\/\/irankiuzona.lt\/ru\/product\/alkuninio-veleno-riebokslio-irankis-jaguar-rover\/","title":{"rendered":"Alk\u016bninio veleno riebok\u0161lio \u012frankis Jaguar\/Rover"},"content":{"rendered":"<p>V8 varikli\u0173 transmisijos \u0161oninio alk\u016bninio veleno alyvos sandariklio nu\u0117mimui, montavimui ir i\u0161lyginimuitinka \u0161iems modeliams:<br \/>\n\u201eLand Rover\u201c: \u201eRange Rover Sport\u201c (2005\u20132009), \u201eRange Rover\u201c (2002\u20132013), \u201eDiscovery 3\u201c (2004\u20132009)\u201eJaguar\u201c: XJ (X350) (2003\u20132010), XF (X250) (2008\u20132013), S tipas (X200) (1990\u20132008), XK (150) (2006\u2013)<\/p>\n<p>To be used as OEM1 303-538 JaguarTo be used as OEM2 303-538 Land RoverTo be used as OEM3 303-538 Range Rover<\/p>","protected":false},"excerpt":{"rendered":"<p>Alk\u016bninio veleno riebok\u0161lio \u012frankis Jaguar\/Rover<\/p>","protected":false},"featured_media":256737,"comment_status":"open","ping_status":"open","template":"","meta":[],"product_cat":[9730],"product_tag":[9845],"class_list":{"0":"post-256735","1":"product","2":"type-product","3":"status-publish","4":"has-post-thumbnail","6":"product_brand-vokietija-germany","7":"product_cat-irankiai-rieboksliams","8":"product_tag-vokietija-germany","10":"first","11":"instock","12":"purchasable","13":"product-type-simple"},"jetpack_sharing_enabled":true,"_links":{"self":[{"href":"https:\/\/irankiuzona.lt\/ru\/wp-json\/wp\/v2\/product\/256735","targetHints":{"allow":["GET"]}}],"collection":[{"href":"https:\/\/irankiuzona.lt\/ru\/wp-json\/wp\/v2\/product"}],"about":[{"href":"https:\/\/irankiuzona.lt\/ru\/wp-json\/wp\/v2\/types\/product"}],"replies":[{"embeddable":true,"href":"https:\/\/irankiuzona.lt\/ru\/wp-json\/wp\/v2\/comments?post=256735"}],"version-history":[{"count":1,"href":"https:\/\/irankiuzona.lt\/ru\/wp-json\/wp\/v2\/product\/256735\/revisions"}],"predecessor-version":[{"id":420760,"href":"https:\/\/irankiuzona.lt\/ru\/wp-json\/wp\/v2\/product\/256735\/revisions\/420760"}],"wp:featuredmedia":[{"embeddable":true,"href":"https:\/\/irankiuzona.lt\/ru\/wp-json\/wp\/v2\/media\/256737"}],"wp:attachment":[{"href":"https:\/\/irankiuzona.lt\/ru\/wp-json\/wp\/v2\/media?parent=256735"}],"wp:term":[{"taxonomy":"product_cat","embeddable":true,"href":"https:\/\/irankiuzona.lt\/ru\/wp-json\/wp\/v2\/product_cat?post=256735"},{"taxonomy":"product_tag","embeddable":true,"href":"https:\/\/irankiuzona.lt\/ru\/wp-json\/wp\/v2\/product_tag?post=256735"}],"curies":[{"name":"wp","href":"https:\/\/api.w.org\/{rel}","templated":true}]}}