{"id":256753,"date":"2024-09-29T11:20:20","date_gmt":"2024-09-29T11:20:20","guid":{"rendered":"https:\/\/irankiuzona.lt\/product\/tuscias-deklas-i-spintele-3-skyreliai-1-3\/"},"modified":"2026-05-06T21:47:07","modified_gmt":"2026-05-06T21:47:07","slug":"tuscias-deklas-i-spintele-3-skyreliai-1-3","status":"publish","type":"product","link":"https:\/\/irankiuzona.lt\/ru\/product\/tuscias-deklas-i-spintele-3-skyreliai-1-3\/","title":{"rendered":"Tus\u010dias d\u0117klas \u012f spintele 3 skyreliai 1\/3"},"content":{"rendered":"<p>189 x 408 x 32 mm<\/p>","protected":false},"excerpt":{"rendered":"<p>Tus\u010dias d\u0117klas \u012f spintele 3 skyreliai 1\/3<\/p>","protected":false},"featured_media":271298,"comment_status":"open","ping_status":"open","template":"","meta":[],"product_cat":[9870],"product_tag":[9845],"class_list":{"0":"post-256753","1":"product","2":"type-product","3":"status-publish","4":"has-post-thumbnail","6":"product_brand-vokietija-germany","7":"product_cat-deklai-i-vezimus-su-irankiais-ir-tusti","8":"product_tag-vokietija-germany","10":"first","11":"outofstock","12":"purchasable","13":"product-type-simple"},"jetpack_sharing_enabled":true,"_links":{"self":[{"href":"https:\/\/irankiuzona.lt\/ru\/wp-json\/wp\/v2\/product\/256753","targetHints":{"allow":["GET"]}}],"collection":[{"href":"https:\/\/irankiuzona.lt\/ru\/wp-json\/wp\/v2\/product"}],"about":[{"href":"https:\/\/irankiuzona.lt\/ru\/wp-json\/wp\/v2\/types\/product"}],"replies":[{"embeddable":true,"href":"https:\/\/irankiuzona.lt\/ru\/wp-json\/wp\/v2\/comments?post=256753"}],"version-history":[{"count":1,"href":"https:\/\/irankiuzona.lt\/ru\/wp-json\/wp\/v2\/product\/256753\/revisions"}],"predecessor-version":[{"id":420766,"href":"https:\/\/irankiuzona.lt\/ru\/wp-json\/wp\/v2\/product\/256753\/revisions\/420766"}],"wp:featuredmedia":[{"embeddable":true,"href":"https:\/\/irankiuzona.lt\/ru\/wp-json\/wp\/v2\/media\/271298"}],"wp:attachment":[{"href":"https:\/\/irankiuzona.lt\/ru\/wp-json\/wp\/v2\/media?parent=256753"}],"wp:term":[{"taxonomy":"product_cat","embeddable":true,"href":"https:\/\/irankiuzona.lt\/ru\/wp-json\/wp\/v2\/product_cat?post=256753"},{"taxonomy":"product_tag","embeddable":true,"href":"https:\/\/irankiuzona.lt\/ru\/wp-json\/wp\/v2\/product_tag?post=256753"}],"curies":[{"name":"wp","href":"https:\/\/api.w.org\/{rel}","templated":true}]}}