{"id":256754,"date":"2024-09-29T11:20:20","date_gmt":"2024-09-29T11:20:20","guid":{"rendered":"https:\/\/irankiuzona.lt\/product\/indikatorius-stabdziu-disku-nusidevejimui-tikrinti\/"},"modified":"2026-05-06T22:42:02","modified_gmt":"2026-05-06T22:42:02","slug":"indikatorius-stabdziu-disku-nusidevejimui-tikrinti","status":"publish","type":"product","link":"https:\/\/irankiuzona.lt\/ru\/product\/indikatorius-stabdziu-disku-nusidevejimui-tikrinti\/","title":{"rendered":"Indikatorius stabd\u017eiu disk\u0173 nusidev\u0117jimui tikrinti"},"content":{"rendered":"<p>Profesionalus stabd\u017ei\u0173 disk\u0173\u00a0nusidev\u0117jimo tikrinimo \u012frankis.<br \/>\nStabd\u017ei\u0173 disk\u0173 nusidev\u0117jimo tikrinimo rinkinys: ciferblatas 0,01 mm tikslumu, diapazonas 10 mm, lanksti svirtis su var\u017etu, tvirtinimo spaustukas.<\/p>","protected":false},"excerpt":{"rendered":"<p>Indikatorius stabd\u017eiu disk\u0173 nusidev\u0117jimui tikrinti<\/p>","protected":false},"featured_media":256756,"comment_status":"open","ping_status":"open","template":"","meta":[],"product_cat":[9534],"product_tag":[9483],"class_list":{"0":"post-256754","1":"product","2":"type-product","3":"status-publish","4":"has-post-thumbnail","6":"product_brand-yato-lenkija","7":"product_cat-stabdziu-remonto-nuorinimo-irankiai","8":"product_tag-yato-lenkija","10":"first","11":"instock","12":"purchasable","13":"product-type-simple"},"jetpack_sharing_enabled":true,"_links":{"self":[{"href":"https:\/\/irankiuzona.lt\/ru\/wp-json\/wp\/v2\/product\/256754","targetHints":{"allow":["GET"]}}],"collection":[{"href":"https:\/\/irankiuzona.lt\/ru\/wp-json\/wp\/v2\/product"}],"about":[{"href":"https:\/\/irankiuzona.lt\/ru\/wp-json\/wp\/v2\/types\/product"}],"replies":[{"embeddable":true,"href":"https:\/\/irankiuzona.lt\/ru\/wp-json\/wp\/v2\/comments?post=256754"}],"version-history":[{"count":1,"href":"https:\/\/irankiuzona.lt\/ru\/wp-json\/wp\/v2\/product\/256754\/revisions"}],"predecessor-version":[{"id":420767,"href":"https:\/\/irankiuzona.lt\/ru\/wp-json\/wp\/v2\/product\/256754\/revisions\/420767"}],"wp:featuredmedia":[{"embeddable":true,"href":"https:\/\/irankiuzona.lt\/ru\/wp-json\/wp\/v2\/media\/256756"}],"wp:attachment":[{"href":"https:\/\/irankiuzona.lt\/ru\/wp-json\/wp\/v2\/media?parent=256754"}],"wp:term":[{"taxonomy":"product_cat","embeddable":true,"href":"https:\/\/irankiuzona.lt\/ru\/wp-json\/wp\/v2\/product_cat?post=256754"},{"taxonomy":"product_tag","embeddable":true,"href":"https:\/\/irankiuzona.lt\/ru\/wp-json\/wp\/v2\/product_tag?post=256754"}],"curies":[{"name":"wp","href":"https:\/\/api.w.org\/{rel}","templated":true}]}}