{"id":256760,"date":"2024-09-29T11:20:21","date_gmt":"2024-09-29T11:20:21","guid":{"rendered":"https:\/\/irankiuzona.lt\/product\/prailginta-14mm-galvute-3-8-120mm-ilgio\/"},"modified":"2026-05-06T23:28:28","modified_gmt":"2026-05-06T23:28:28","slug":"prailginta-14mm-galvute-3-8-120mm-ilgio","status":"publish","type":"product","link":"https:\/\/irankiuzona.lt\/ru\/product\/prailginta-14mm-galvute-3-8-120mm-ilgio\/","title":{"rendered":"Prailginta 14mm galvut\u0117 3\/8 &#8211; 120mm ilgio"},"content":{"rendered":"<p>tinka itin ilg\u0173 var\u017et\u0173 su sriegiu ver\u017el\u0117ms, pvz. buferiai, galiniai \u017eibintai ir dur\u0173 vyri\u0173 detal\u0117stinka VAG, Opel \/ Vauxhall, BMW ir Ford stov\u0117jimo stabd\u017ei\u0173 tros\u0173 reguliatoriams<\/p>","protected":false},"excerpt":{"rendered":"<p>Prailginta 14mm galvut\u0117 3\/8 &#8211; 120mm ilgio<\/p>","protected":false},"featured_media":256762,"comment_status":"open","ping_status":"open","template":"","meta":[],"product_cat":[9883],"product_tag":[9845],"class_list":{"0":"post-256760","1":"product","2":"type-product","3":"status-publish","4":"has-post-thumbnail","6":"product_brand-vokietija-germany","7":"product_cat-3-8-10-mm-sesiakampes-galvutes","8":"product_tag-vokietija-germany","10":"first","11":"outofstock","12":"purchasable","13":"product-type-simple"},"jetpack_sharing_enabled":true,"_links":{"self":[{"href":"https:\/\/irankiuzona.lt\/ru\/wp-json\/wp\/v2\/product\/256760","targetHints":{"allow":["GET"]}}],"collection":[{"href":"https:\/\/irankiuzona.lt\/ru\/wp-json\/wp\/v2\/product"}],"about":[{"href":"https:\/\/irankiuzona.lt\/ru\/wp-json\/wp\/v2\/types\/product"}],"replies":[{"embeddable":true,"href":"https:\/\/irankiuzona.lt\/ru\/wp-json\/wp\/v2\/comments?post=256760"}],"version-history":[{"count":1,"href":"https:\/\/irankiuzona.lt\/ru\/wp-json\/wp\/v2\/product\/256760\/revisions"}],"predecessor-version":[{"id":420769,"href":"https:\/\/irankiuzona.lt\/ru\/wp-json\/wp\/v2\/product\/256760\/revisions\/420769"}],"wp:featuredmedia":[{"embeddable":true,"href":"https:\/\/irankiuzona.lt\/ru\/wp-json\/wp\/v2\/media\/256762"}],"wp:attachment":[{"href":"https:\/\/irankiuzona.lt\/ru\/wp-json\/wp\/v2\/media?parent=256760"}],"wp:term":[{"taxonomy":"product_cat","embeddable":true,"href":"https:\/\/irankiuzona.lt\/ru\/wp-json\/wp\/v2\/product_cat?post=256760"},{"taxonomy":"product_tag","embeddable":true,"href":"https:\/\/irankiuzona.lt\/ru\/wp-json\/wp\/v2\/product_tag?post=256760"}],"curies":[{"name":"wp","href":"https:\/\/api.w.org\/{rel}","templated":true}]}}