{"id":256793,"date":"2024-09-29T11:20:25","date_gmt":"2024-09-29T11:20:25","guid":{"rendered":"https:\/\/irankiuzona.lt\/product\/akumuliatorinis-verzliasukis-1-2-18v-be-akum-881nm-ox\/"},"modified":"2025-11-18T14:25:56","modified_gmt":"2025-11-18T14:25:56","slug":"akumuliatorinis-verzliasukis-1-2-18v-be-akum-881nm-ox","status":"publish","type":"product","link":"https:\/\/irankiuzona.lt\/ru\/product\/akumuliatorinis-verzliasukis-1-2-18v-be-akum-881nm-ox\/","title":{"rendered":"AKUMULIATORINIS VER\u017dLIAS\u016aKIS 1\/2 18V (BE AKUM) \/ 881NM -OX"},"content":{"rendered":"<p>Itin kompakti\u0161kas, patogus dirbti ank\u0161tose vietoseDid\u017eiausias atsukimo momentas \u2013 881 NmParduodamas be akumuliatori\u0173 ir \u012fkroviklio!<br \/>\n4 re\u017eim\u0173 sistema DRIVE CONTROL leid\u017eia naudotojui rinktis i\u0161 keturi\u0173 skirting\u0173 grei\u010dio ir sukimo momento nuostat\u0173 ir pagerinti \u012frankio universalum\u0105.<br \/>\nLanksti akumuliatoriaus sistema &#8211; veikia su visais MILWAUKEE\u00ae M18\u2122 akumuliatoriais.<br \/>\nBe\u0161epet\u0117lis \u201ePOWERSTATE\u2122\u201c variklis naudojamas ilgiau ir yra iki 20 % galingesnis.<br \/>\n\u201eREDLINK\u2122\u201c apsauga nuo perkrovos ir pastovaus grei\u010dio palaikymo elektronin\u0117 \u012franga u\u017etikrina geriausi\u0105 klas\u0117je patvarum\u0105 ir eksploatacines savybes.<br \/>\nTrigubas \u0161viesos diod\u0173 \u0161viestuvas pasi\u017eymi didele galia, tod\u0117l leid\u017eia geriau matyti darbo viet\u0105.<br \/>\nVar\u017et\u0173 \u0161alinimo kontrol\u0117 u\u017etikrina vis\u0105 sukimo moment\u0105, tada, kai var\u017etas atsilaisvina, suma\u017e\u0117ja apsisukim\u0173 skai\u010dius, kad tvirtinimo detal\u0117 nei\u0161krist\u0173.<br \/>\nAkumuliatoriaus med\u017eiaga &#8211; Li-ionApsuk\u0173 skai\u010dius 0-1250 \/ 0-1950 \/ 0-2575 \/ 0-1325 aps.\/min.Svoris 2,3 kg (su akumuliatoriumi)Maks. sukimo momentas &#8211; 745 Nm (atsukant &#8211; 881 Nm)Ilgis 152 mmSm\u016bgi\u0173 skai\u010dius 0-900 \/ 0-2100 \/ 0-3100 sm.\/min.Var\u017eto sukimo skersmuo M22Darbinis sukimo momentas &#8211; 475 \/ 610 \/ 745 \/ 47 NmTvirtinimo kvadratas &#8211; 1\/2&quot;Akumuliatoriaus \u012ftampa &#8211; 18 VStandartiniai priedai &#8211; LagaminasGarantija fiziniams asmenims, m\u0117n. &#8211; 24Garantija juridiniams asmenims, m\u0117n. &#8211; 12<\/p>","protected":false},"excerpt":{"rendered":"<p>AKUMULIATORINIS 1\/2 VER\u017dLIAS\u016aKIS 18V (BE AKUM) \/ 881NM -OX<\/p>","protected":false},"featured_media":256795,"comment_status":"open","ping_status":"open","template":"","meta":[],"product_cat":[10114],"product_tag":[10119],"class_list":{"0":"post-256793","1":"product","2":"type-product","3":"status-publish","4":"has-post-thumbnail","6":"product_brand-milwaukee-profesionalus-elektriniai-irankiai","7":"product_cat-1-2-smuginiai-akumuliatoriniai-verzliasukiai","8":"product_tag-milwaukee-profesionalus-elektriniai-irankiai","10":"first","11":"outofstock","12":"purchasable","13":"product-type-simple"},"jetpack_sharing_enabled":true,"_links":{"self":[{"href":"https:\/\/irankiuzona.lt\/ru\/wp-json\/wp\/v2\/product\/256793","targetHints":{"allow":["GET"]}}],"collection":[{"href":"https:\/\/irankiuzona.lt\/ru\/wp-json\/wp\/v2\/product"}],"about":[{"href":"https:\/\/irankiuzona.lt\/ru\/wp-json\/wp\/v2\/types\/product"}],"replies":[{"embeddable":true,"href":"https:\/\/irankiuzona.lt\/ru\/wp-json\/wp\/v2\/comments?post=256793"}],"version-history":[{"count":1,"href":"https:\/\/irankiuzona.lt\/ru\/wp-json\/wp\/v2\/product\/256793\/revisions"}],"predecessor-version":[{"id":420780,"href":"https:\/\/irankiuzona.lt\/ru\/wp-json\/wp\/v2\/product\/256793\/revisions\/420780"}],"wp:featuredmedia":[{"embeddable":true,"href":"https:\/\/irankiuzona.lt\/ru\/wp-json\/wp\/v2\/media\/256795"}],"wp:attachment":[{"href":"https:\/\/irankiuzona.lt\/ru\/wp-json\/wp\/v2\/media?parent=256793"}],"wp:term":[{"taxonomy":"product_cat","embeddable":true,"href":"https:\/\/irankiuzona.lt\/ru\/wp-json\/wp\/v2\/product_cat?post=256793"},{"taxonomy":"product_tag","embeddable":true,"href":"https:\/\/irankiuzona.lt\/ru\/wp-json\/wp\/v2\/product_tag?post=256793"}],"curies":[{"name":"wp","href":"https:\/\/api.w.org\/{rel}","templated":true}]}}