{"id":256799,"date":"2024-09-29T11:20:26","date_gmt":"2024-09-29T11:20:26","guid":{"rendered":"https:\/\/irankiuzona.lt\/product\/sriegiklio-laikiklis-terkslinis\/"},"modified":"2026-04-21T16:43:03","modified_gmt":"2026-04-21T16:43:03","slug":"sriegiklio-laikiklis-terkslinis","status":"publish","type":"product","link":"https:\/\/irankiuzona.lt\/ru\/product\/sriegiklio-laikiklis-terkslinis\/","title":{"rendered":"Sriegiklio laikiklis terk\u0161linis"},"content":{"rendered":"<p>kair\u0117s ir de\u0161in\u0117s pus\u0117s\u00a0terk\u0161l\u0117s funkcija, apver\u010diamanaudoti\u00a0su slankiojan\u010dia juosta, 17 mm\u00a0galvute arba 10 mm (3\/8&quot;)\u00a0terk\u0161letinka iki M10<\/p>","protected":false},"excerpt":{"rendered":"<p>Sriegiklio laikiklis terk\u0161linis<\/p>","protected":false},"featured_media":256801,"comment_status":"open","ping_status":"open","template":"","meta":[],"product_cat":[9842],"product_tag":[9845],"class_list":{"0":"post-256799","1":"product","2":"type-product","3":"status-publish","4":"has-post-thumbnail","6":"product_brand-vokietija-germany","7":"product_cat-sriegikliu-ir-sriegpjoviu-laikikliai","8":"product_tag-vokietija-germany","10":"first","11":"outofstock","12":"purchasable","13":"product-type-simple"},"jetpack_sharing_enabled":true,"_links":{"self":[{"href":"https:\/\/irankiuzona.lt\/ru\/wp-json\/wp\/v2\/product\/256799","targetHints":{"allow":["GET"]}}],"collection":[{"href":"https:\/\/irankiuzona.lt\/ru\/wp-json\/wp\/v2\/product"}],"about":[{"href":"https:\/\/irankiuzona.lt\/ru\/wp-json\/wp\/v2\/types\/product"}],"replies":[{"embeddable":true,"href":"https:\/\/irankiuzona.lt\/ru\/wp-json\/wp\/v2\/comments?post=256799"}],"version-history":[{"count":1,"href":"https:\/\/irankiuzona.lt\/ru\/wp-json\/wp\/v2\/product\/256799\/revisions"}],"predecessor-version":[{"id":420782,"href":"https:\/\/irankiuzona.lt\/ru\/wp-json\/wp\/v2\/product\/256799\/revisions\/420782"}],"wp:featuredmedia":[{"embeddable":true,"href":"https:\/\/irankiuzona.lt\/ru\/wp-json\/wp\/v2\/media\/256801"}],"wp:attachment":[{"href":"https:\/\/irankiuzona.lt\/ru\/wp-json\/wp\/v2\/media?parent=256799"}],"wp:term":[{"taxonomy":"product_cat","embeddable":true,"href":"https:\/\/irankiuzona.lt\/ru\/wp-json\/wp\/v2\/product_cat?post=256799"},{"taxonomy":"product_tag","embeddable":true,"href":"https:\/\/irankiuzona.lt\/ru\/wp-json\/wp\/v2\/product_tag?post=256799"}],"curies":[{"name":"wp","href":"https:\/\/api.w.org\/{rel}","templated":true}]}}