{"id":256870,"date":"2024-09-29T11:20:35","date_gmt":"2024-09-29T11:20:35","guid":{"rendered":"https:\/\/irankiuzona.lt\/product\/plaktukas-800g-2\/"},"modified":"2025-06-20T13:35:49","modified_gmt":"2025-06-20T13:35:49","slug":"plaktukas-800g-2","status":"publish","type":"product","link":"https:\/\/irankiuzona.lt\/ru\/product\/plaktukas-800g-2\/","title":{"rendered":"Plaktukas 800g."},"content":{"rendered":"<p>Plaktukas pagamintas i\u0161 45 plieno kar\u0161to \u0161tampavimo b\u016bdu (kalimas plaktuku).Vientisa kaltin\u0117 konstrukcija pagerina stiprumo charakteristikas ir pailgina \u012frankio tarnavimo laik\u0105.Sm\u016bginis kietumas \u2013 44-48 HRC.Sm\u016bgis yra kvadrato formos su plok\u0161\u010diomis ir smailiomis smogiamomis dalimis.Plaktukas turi dviej\u0173 komponent\u0173 plastikin\u0119 ranken\u0105 su guminiu kotu, kad su\u0161velnint\u0173 sm\u016bg\u012f ir u\u017etikrint\u0173 patog\u0173 sukibim\u0105.<\/p>","protected":false},"excerpt":{"rendered":"<p>Plaktukas monolitinis 800g.<\/p>","protected":false},"featured_media":256872,"comment_status":"open","ping_status":"open","template":"","meta":[],"product_cat":[9867],"product_tag":[9898],"class_list":{"0":"post-256870","1":"product","2":"type-product","3":"status-publish","4":"has-post-thumbnail","6":"product_brand-avtodelo","7":"product_cat-plaktukai-plastikiniu-kotu","8":"product_tag-avtodelo","10":"first","11":"outofstock","12":"purchasable","13":"product-type-simple"},"jetpack_sharing_enabled":true,"_links":{"self":[{"href":"https:\/\/irankiuzona.lt\/ru\/wp-json\/wp\/v2\/product\/256870","targetHints":{"allow":["GET"]}}],"collection":[{"href":"https:\/\/irankiuzona.lt\/ru\/wp-json\/wp\/v2\/product"}],"about":[{"href":"https:\/\/irankiuzona.lt\/ru\/wp-json\/wp\/v2\/types\/product"}],"replies":[{"embeddable":true,"href":"https:\/\/irankiuzona.lt\/ru\/wp-json\/wp\/v2\/comments?post=256870"}],"version-history":[{"count":0,"href":"https:\/\/irankiuzona.lt\/ru\/wp-json\/wp\/v2\/product\/256870\/revisions"}],"wp:featuredmedia":[{"embeddable":true,"href":"https:\/\/irankiuzona.lt\/ru\/wp-json\/wp\/v2\/media\/256872"}],"wp:attachment":[{"href":"https:\/\/irankiuzona.lt\/ru\/wp-json\/wp\/v2\/media?parent=256870"}],"wp:term":[{"taxonomy":"product_cat","embeddable":true,"href":"https:\/\/irankiuzona.lt\/ru\/wp-json\/wp\/v2\/product_cat?post=256870"},{"taxonomy":"product_tag","embeddable":true,"href":"https:\/\/irankiuzona.lt\/ru\/wp-json\/wp\/v2\/product_tag?post=256870"}],"curies":[{"name":"wp","href":"https:\/\/api.w.org\/{rel}","templated":true}]}}