{"id":256894,"date":"2024-09-29T11:20:39","date_gmt":"2024-09-29T11:20:39","guid":{"rendered":"https:\/\/irankiuzona.lt\/product\/padangu-priputimo-pistoletas-su-monometru-iki-10bar\/"},"modified":"2026-04-11T00:50:31","modified_gmt":"2026-04-11T00:50:31","slug":"padangu-priputimo-pistoletas-su-monometru-iki-10bar","status":"publish","type":"product","link":"https:\/\/irankiuzona.lt\/ru\/product\/padangu-priputimo-pistoletas-su-monometru-iki-10bar\/","title":{"rendered":"Padang\u0173 priputimo pistoletas su monometru iki 10bar"},"content":{"rendered":"<p>Pistoletas apr\u016bpintas diafragminiais manometrais, kuri\u0173 fizini\u0173 ver\u010di\u0173 skal\u0117 yra psi ir bar, taip pat \u012fprasta skal\u0117 su spalvotomis sritimis, skirta sl\u0117gio buvimui neagresyviose ir nekristalizuojan\u010diose terp\u0117se parodyti ir patikrinti. (skys\u010diai, dujos). Jis gali b\u016bti naudojamas automobili\u0173 padang\u0173 sl\u0117giui steb\u0117ti. Manometras yra apsaugotas nuo mechanini\u0173 pa\u017eeidim\u0173 guminiu dangteliu.<br \/>\nManometr\u0173 technin\u0117s charakteristikos:- i\u0161matuoto sl\u0117gio darbinis diapazonas, (MPa) &#8230;&#8230;&#8230;&#8230;&#8230;&#8230;&#8230;&#8230;&#8230; 0,05-12- tikslumo klas\u0117, &#8230;&#8230;&#8230;&#8230;&#8230;&#8230;&#8230;&#8230;&#8230;&#8230;&#8230;&#8230;&#8230;&#8230;&#8230;&#8230;&#8230; &#8230;&#8230;&#8230;&#8230;&#8230;&#8230;&#8230;&#8230;&#8230;&#8230;&#8230;.. 5.0- korpuso skersmuo, (mm) &#8230;&#8230;&#8230;&#8230;&#8230;&#8230;&#8230;&#8230;&#8230;&#8230;&#8230;&#8230;&#8230;&#8230;&#8230;&#8230; &#8230;&#8230;&#8230;&#8230;&#8230;&#8230;&#8230;&#8230;&#8230;&#8230; 65- vidutinis tarnavimo laikas, (metai) &#8230;&#8230;&#8230;&#8230;&#8230;&#8230;&#8230;&#8230;&#8230;&#8230;&#8230;&#8230;&#8230;&#8230;&#8230;&#8230; &#8230;&#8230;&#8230;&#8230;&#8230;&#8230;&#8230;.5- korpuso med\u017eiaga &#8230;&#8230;&#8230;&#8230;&#8230;&#8230;&#8230;&#8230;&#8230;&#8230;&#8230;&#8230;&#8230;&#8230;&#8230;&#8230;&#8230; &#8230;&#8230;&#8230;&#8230;&#8230;&#8230;&#8230;&#8230;&#8230;&#8230;..plastmasinisSl\u0117gio matuoklis sukurtas veikti s\u0105lygomis, standartizuotomis klimato modifikacijos tipui UX \/ 12.<\/p>","protected":false},"excerpt":{"rendered":"<p>Padang\u0173 priputimo pistoletas su monometru iki 10bar<\/p>","protected":false},"featured_media":256896,"comment_status":"open","ping_status":"open","template":"","meta":[],"product_cat":[9472],"product_tag":[9898],"class_list":{"0":"post-256894","1":"product","2":"type-product","3":"status-publish","4":"has-post-thumbnail","6":"product_brand-avtodelo","7":"product_cat-pistoletai-padangu-putimui","8":"product_tag-avtodelo","10":"first","11":"outofstock","12":"purchasable","13":"product-type-simple"},"jetpack_sharing_enabled":true,"_links":{"self":[{"href":"https:\/\/irankiuzona.lt\/ru\/wp-json\/wp\/v2\/product\/256894","targetHints":{"allow":["GET"]}}],"collection":[{"href":"https:\/\/irankiuzona.lt\/ru\/wp-json\/wp\/v2\/product"}],"about":[{"href":"https:\/\/irankiuzona.lt\/ru\/wp-json\/wp\/v2\/types\/product"}],"replies":[{"embeddable":true,"href":"https:\/\/irankiuzona.lt\/ru\/wp-json\/wp\/v2\/comments?post=256894"}],"version-history":[{"count":1,"href":"https:\/\/irankiuzona.lt\/ru\/wp-json\/wp\/v2\/product\/256894\/revisions"}],"predecessor-version":[{"id":420800,"href":"https:\/\/irankiuzona.lt\/ru\/wp-json\/wp\/v2\/product\/256894\/revisions\/420800"}],"wp:featuredmedia":[{"embeddable":true,"href":"https:\/\/irankiuzona.lt\/ru\/wp-json\/wp\/v2\/media\/256896"}],"wp:attachment":[{"href":"https:\/\/irankiuzona.lt\/ru\/wp-json\/wp\/v2\/media?parent=256894"}],"wp:term":[{"taxonomy":"product_cat","embeddable":true,"href":"https:\/\/irankiuzona.lt\/ru\/wp-json\/wp\/v2\/product_cat?post=256894"},{"taxonomy":"product_tag","embeddable":true,"href":"https:\/\/irankiuzona.lt\/ru\/wp-json\/wp\/v2\/product_tag?post=256894"}],"curies":[{"name":"wp","href":"https:\/\/api.w.org\/{rel}","templated":true}]}}