{"id":256909,"date":"2024-09-29T11:20:40","date_gmt":"2024-09-29T11:20:40","guid":{"rendered":"https:\/\/irankiuzona.lt\/product\/raktas-12mm-kardaninis-vartomas\/"},"modified":"2026-04-04T01:45:43","modified_gmt":"2026-04-04T01:45:43","slug":"raktas-12mm-kardaninis-vartomas","status":"publish","type":"product","link":"https:\/\/irankiuzona.lt\/ru\/product\/raktas-12mm-kardaninis-vartomas\/","title":{"rendered":"Raktas 12mm kardaninis, vartomas"},"content":{"rendered":"<p>Pagaminta i\u0161 chromo vanad\u017eio \u012franki\u0173 plieno kar\u0161to \u0161tampavimo b\u016bdu (kalimas plaktuku).Termi\u0161kai apdorotas iki 39\u201341 HRC kietumo.Apsaugota nuo korozijos chromo-nikelio danga su matinio pavir\u0161iaus efektu.<\/p>","protected":false},"excerpt":{"rendered":"<p>Raktas 12mm kardaninis, vartomas<\/p>","protected":false},"featured_media":256911,"comment_status":"open","ping_status":"open","template":"","meta":[],"product_cat":[9607],"product_tag":[9898],"class_list":{"0":"post-256909","1":"product","2":"type-product","3":"status-publish","4":"has-post-thumbnail","6":"product_brand-avtodelo","7":"product_cat-raktai-vartomu-galu-ju-komplektai","8":"product_tag-avtodelo","10":"first","11":"outofstock","12":"purchasable","13":"product-type-simple"},"jetpack_sharing_enabled":true,"_links":{"self":[{"href":"https:\/\/irankiuzona.lt\/ru\/wp-json\/wp\/v2\/product\/256909","targetHints":{"allow":["GET"]}}],"collection":[{"href":"https:\/\/irankiuzona.lt\/ru\/wp-json\/wp\/v2\/product"}],"about":[{"href":"https:\/\/irankiuzona.lt\/ru\/wp-json\/wp\/v2\/types\/product"}],"replies":[{"embeddable":true,"href":"https:\/\/irankiuzona.lt\/ru\/wp-json\/wp\/v2\/comments?post=256909"}],"version-history":[{"count":0,"href":"https:\/\/irankiuzona.lt\/ru\/wp-json\/wp\/v2\/product\/256909\/revisions"}],"wp:featuredmedia":[{"embeddable":true,"href":"https:\/\/irankiuzona.lt\/ru\/wp-json\/wp\/v2\/media\/256911"}],"wp:attachment":[{"href":"https:\/\/irankiuzona.lt\/ru\/wp-json\/wp\/v2\/media?parent=256909"}],"wp:term":[{"taxonomy":"product_cat","embeddable":true,"href":"https:\/\/irankiuzona.lt\/ru\/wp-json\/wp\/v2\/product_cat?post=256909"},{"taxonomy":"product_tag","embeddable":true,"href":"https:\/\/irankiuzona.lt\/ru\/wp-json\/wp\/v2\/product_tag?post=256909"}],"curies":[{"name":"wp","href":"https:\/\/api.w.org\/{rel}","templated":true}]}}