{"id":256920,"date":"2024-09-29T11:20:42","date_gmt":"2024-09-29T11:20:42","guid":{"rendered":"https:\/\/irankiuzona.lt\/product\/kondensato-surinkejas-1-4\/"},"modified":"2025-03-29T18:51:00","modified_gmt":"2025-03-29T18:51:00","slug":"kondensato-surinkejas-1-4","status":"publish","type":"product","link":"https:\/\/irankiuzona.lt\/ru\/product\/kondensato-surinkejas-1-4\/","title":{"rendered":"Kondensato surink\u0117jas 1\/4&#8221;"},"content":{"rendered":"<p>Jis naudojamas oro filtravimui ir sl\u0117gio reguliavimui.Na\u0161umas \u2013 750 l\/min.Sl\u0117gio reguliavimas nuo 1 iki 9 atm.Sr\u0117gi\u0173 dydis yra 1\/4<\/p>","protected":false},"excerpt":{"rendered":"<p>Dr\u0117gm\u0117s surink\u0117jas\u00a01\/4&#8221;<\/p>","protected":false},"featured_media":256922,"comment_status":"open","ping_status":"open","template":"","meta":[],"product_cat":[9706],"product_tag":[9898],"class_list":{"0":"post-256920","1":"product","2":"type-product","3":"status-publish","4":"has-post-thumbnail","6":"product_brand-avtodelo","7":"product_cat-oro-srauto-reguliatoriai-tepalines-dregmes-surinkejai","8":"product_tag-avtodelo","10":"first","11":"outofstock","12":"purchasable","13":"product-type-simple"},"jetpack_sharing_enabled":true,"_links":{"self":[{"href":"https:\/\/irankiuzona.lt\/ru\/wp-json\/wp\/v2\/product\/256920","targetHints":{"allow":["GET"]}}],"collection":[{"href":"https:\/\/irankiuzona.lt\/ru\/wp-json\/wp\/v2\/product"}],"about":[{"href":"https:\/\/irankiuzona.lt\/ru\/wp-json\/wp\/v2\/types\/product"}],"replies":[{"embeddable":true,"href":"https:\/\/irankiuzona.lt\/ru\/wp-json\/wp\/v2\/comments?post=256920"}],"version-history":[{"count":0,"href":"https:\/\/irankiuzona.lt\/ru\/wp-json\/wp\/v2\/product\/256920\/revisions"}],"wp:featuredmedia":[{"embeddable":true,"href":"https:\/\/irankiuzona.lt\/ru\/wp-json\/wp\/v2\/media\/256922"}],"wp:attachment":[{"href":"https:\/\/irankiuzona.lt\/ru\/wp-json\/wp\/v2\/media?parent=256920"}],"wp:term":[{"taxonomy":"product_cat","embeddable":true,"href":"https:\/\/irankiuzona.lt\/ru\/wp-json\/wp\/v2\/product_cat?post=256920"},{"taxonomy":"product_tag","embeddable":true,"href":"https:\/\/irankiuzona.lt\/ru\/wp-json\/wp\/v2\/product_tag?post=256920"}],"curies":[{"name":"wp","href":"https:\/\/api.w.org\/{rel}","templated":true}]}}