{"id":257004,"date":"2024-09-29T11:20:52","date_gmt":"2024-09-29T11:20:52","guid":{"rendered":"https:\/\/irankiuzona.lt\/product\/detaliu-plovimo-deze-150l\/"},"modified":"2026-05-16T07:06:52","modified_gmt":"2026-05-16T07:06:52","slug":"detaliu-plovimo-deze-150l","status":"publish","type":"product","link":"https:\/\/irankiuzona.lt\/ru\/product\/detaliu-plovimo-deze-150l\/","title":{"rendered":"Detali\u0173 plovimo d\u0117\u017e\u0117 150l"},"content":{"rendered":"<p>Talpa 40 gal. 150 lNa\u0161umas 20L\/minGabaritiniai matmenys 1140 x 550 x 330 mmSvoris 45 kg<\/p>","protected":false},"excerpt":{"rendered":"<p>Plovimo d\u0117\u017e\u0117 150litr\u0173 &#8211;\u00a01140 x 550 x 330 mm<\/p>","protected":false},"featured_media":257006,"comment_status":"open","ping_status":"open","template":"","meta":[],"product_cat":[9896],"product_tag":[9435],"class_list":{"0":"post-257004","1":"product","2":"type-product","3":"status-publish","4":"has-post-thumbnail","6":"product_brand-kinija","7":"product_cat-smeliasroves-irankiai-smeliavimui-plovykles","8":"product_tag-kinija","10":"first","11":"outofstock","12":"purchasable","13":"product-type-simple"},"jetpack_sharing_enabled":true,"_links":{"self":[{"href":"https:\/\/irankiuzona.lt\/ru\/wp-json\/wp\/v2\/product\/257004","targetHints":{"allow":["GET"]}}],"collection":[{"href":"https:\/\/irankiuzona.lt\/ru\/wp-json\/wp\/v2\/product"}],"about":[{"href":"https:\/\/irankiuzona.lt\/ru\/wp-json\/wp\/v2\/types\/product"}],"replies":[{"embeddable":true,"href":"https:\/\/irankiuzona.lt\/ru\/wp-json\/wp\/v2\/comments?post=257004"}],"version-history":[{"count":1,"href":"https:\/\/irankiuzona.lt\/ru\/wp-json\/wp\/v2\/product\/257004\/revisions"}],"predecessor-version":[{"id":420829,"href":"https:\/\/irankiuzona.lt\/ru\/wp-json\/wp\/v2\/product\/257004\/revisions\/420829"}],"wp:featuredmedia":[{"embeddable":true,"href":"https:\/\/irankiuzona.lt\/ru\/wp-json\/wp\/v2\/media\/257006"}],"wp:attachment":[{"href":"https:\/\/irankiuzona.lt\/ru\/wp-json\/wp\/v2\/media?parent=257004"}],"wp:term":[{"taxonomy":"product_cat","embeddable":true,"href":"https:\/\/irankiuzona.lt\/ru\/wp-json\/wp\/v2\/product_cat?post=257004"},{"taxonomy":"product_tag","embeddable":true,"href":"https:\/\/irankiuzona.lt\/ru\/wp-json\/wp\/v2\/product_tag?post=257004"}],"curies":[{"name":"wp","href":"https:\/\/api.w.org\/{rel}","templated":true}]}}