{"id":257138,"date":"2024-09-29T11:30:09","date_gmt":"2024-09-29T11:30:09","guid":{"rendered":"https:\/\/irankiuzona.lt\/product\/smugine-galvute-3-4-42mm-6-kampe\/"},"modified":"2026-04-22T01:56:15","modified_gmt":"2026-04-22T01:56:15","slug":"smugine-galvute-3-4-42mm-6-kampe","status":"publish","type":"product","link":"https:\/\/irankiuzona.lt\/ru\/product\/smugine-galvute-3-4-42mm-6-kampe\/","title":{"rendered":"Sm\u016bgin\u0117 galvut\u0117 3\/4 42mm 6-kamp\u0117"},"content":{"rendered":"<p>Ilgis [mm] 57Med\u017eiaga CrMo SPP-440, CrV50BV30<\/p>\n","protected":false},"excerpt":{"rendered":"<p>Sm\u016bgin\u0117 galvut\u0117 3\/4 42mm<\/p>","protected":false},"featured_media":257140,"comment_status":"open","ping_status":"open","template":"","meta":[],"product_cat":[9792],"product_tag":[9483],"class_list":{"0":"post-257138","1":"product","2":"type-product","3":"status-publish","4":"has-post-thumbnail","6":"product_brand-yato-lenkija","7":"product_cat-3-4-20-mm-trumpos-smugines-sesiakampes-galvutes","8":"product_tag-yato-lenkija","10":"first","11":"instock","12":"purchasable","13":"product-type-simple"},"jetpack_sharing_enabled":true,"_links":{"self":[{"href":"https:\/\/irankiuzona.lt\/ru\/wp-json\/wp\/v2\/product\/257138","targetHints":{"allow":["GET"]}}],"collection":[{"href":"https:\/\/irankiuzona.lt\/ru\/wp-json\/wp\/v2\/product"}],"about":[{"href":"https:\/\/irankiuzona.lt\/ru\/wp-json\/wp\/v2\/types\/product"}],"replies":[{"embeddable":true,"href":"https:\/\/irankiuzona.lt\/ru\/wp-json\/wp\/v2\/comments?post=257138"}],"version-history":[{"count":1,"href":"https:\/\/irankiuzona.lt\/ru\/wp-json\/wp\/v2\/product\/257138\/revisions"}],"predecessor-version":[{"id":420872,"href":"https:\/\/irankiuzona.lt\/ru\/wp-json\/wp\/v2\/product\/257138\/revisions\/420872"}],"wp:featuredmedia":[{"embeddable":true,"href":"https:\/\/irankiuzona.lt\/ru\/wp-json\/wp\/v2\/media\/257140"}],"wp:attachment":[{"href":"https:\/\/irankiuzona.lt\/ru\/wp-json\/wp\/v2\/media?parent=257138"}],"wp:term":[{"taxonomy":"product_cat","embeddable":true,"href":"https:\/\/irankiuzona.lt\/ru\/wp-json\/wp\/v2\/product_cat?post=257138"},{"taxonomy":"product_tag","embeddable":true,"href":"https:\/\/irankiuzona.lt\/ru\/wp-json\/wp\/v2\/product_tag?post=257138"}],"curies":[{"name":"wp","href":"https:\/\/api.w.org\/{rel}","templated":true}]}}