{"id":257171,"date":"2024-09-29T11:30:13","date_gmt":"2024-09-29T11:30:13","guid":{"rendered":"https:\/\/irankiuzona.lt\/product\/zvakiu-sriegio-ivores-m10x125-12mm-ilgio-10vnt\/"},"modified":"2026-04-14T04:47:35","modified_gmt":"2026-04-14T04:47:35","slug":"zvakiu-sriegio-ivores-m10x125-12mm-ilgio-10vnt","status":"publish","type":"product","link":"https:\/\/irankiuzona.lt\/ru\/product\/zvakiu-sriegio-ivores-m10x125-12mm-ilgio-10vnt\/","title":{"rendered":"\u017dvaki\u0173 sriegio \u012fvor\u0117s M10x1,25 12mm ilgio\/10vnt"},"content":{"rendered":"<p>Sriegio \u012fvor\u0117s M10x1,25 x 12mm ilgio x 10vnt.<\/p>","protected":false},"excerpt":{"rendered":"<p>\u017dvaki\u0173 sriegio \u012fvor\u0117s M10x1,25 12mm ilgio\/10vnt<\/p>","protected":false},"featured_media":257173,"comment_status":"open","ping_status":"open","template":"","meta":[],"product_cat":[9686],"product_tag":[9462],"class_list":{"0":"post-257171","1":"product","2":"type-product","3":"status-publish","4":"has-post-thumbnail","6":"product_brand-condor-werkzeug-vokietija","7":"product_cat-sriegiai-ivores-zvakems","8":"product_tag-condor-werkzeug-vokietija","10":"first","11":"instock","12":"purchasable","13":"product-type-simple"},"jetpack_sharing_enabled":true,"_links":{"self":[{"href":"https:\/\/irankiuzona.lt\/ru\/wp-json\/wp\/v2\/product\/257171","targetHints":{"allow":["GET"]}}],"collection":[{"href":"https:\/\/irankiuzona.lt\/ru\/wp-json\/wp\/v2\/product"}],"about":[{"href":"https:\/\/irankiuzona.lt\/ru\/wp-json\/wp\/v2\/types\/product"}],"replies":[{"embeddable":true,"href":"https:\/\/irankiuzona.lt\/ru\/wp-json\/wp\/v2\/comments?post=257171"}],"version-history":[{"count":1,"href":"https:\/\/irankiuzona.lt\/ru\/wp-json\/wp\/v2\/product\/257171\/revisions"}],"predecessor-version":[{"id":420883,"href":"https:\/\/irankiuzona.lt\/ru\/wp-json\/wp\/v2\/product\/257171\/revisions\/420883"}],"wp:featuredmedia":[{"embeddable":true,"href":"https:\/\/irankiuzona.lt\/ru\/wp-json\/wp\/v2\/media\/257173"}],"wp:attachment":[{"href":"https:\/\/irankiuzona.lt\/ru\/wp-json\/wp\/v2\/media?parent=257171"}],"wp:term":[{"taxonomy":"product_cat","embeddable":true,"href":"https:\/\/irankiuzona.lt\/ru\/wp-json\/wp\/v2\/product_cat?post=257171"},{"taxonomy":"product_tag","embeddable":true,"href":"https:\/\/irankiuzona.lt\/ru\/wp-json\/wp\/v2\/product_tag?post=257171"}],"curies":[{"name":"wp","href":"https:\/\/api.w.org\/{rel}","templated":true}]}}