{"id":257177,"date":"2024-09-29T11:30:13","date_gmt":"2024-09-29T11:30:13","guid":{"rendered":"https:\/\/irankiuzona.lt\/product\/stabdziu-nuorinimo-antgalis-su-zarna\/"},"modified":"2026-05-10T08:53:32","modified_gmt":"2026-05-10T08:53:32","slug":"stabdziu-nuorinimo-antgalis-su-zarna","status":"publish","type":"product","link":"https:\/\/irankiuzona.lt\/ru\/product\/stabdziu-nuorinimo-antgalis-su-zarna\/","title":{"rendered":"Stabd\u017ei\u0173 nuorinimo antgalis su \u017earna"},"content":{"rendered":"","protected":false},"excerpt":{"rendered":"<p>Stabd\u017ei\u0173 nuorinimo antgalis su \u017earna<\/p>","protected":false},"featured_media":257179,"comment_status":"open","ping_status":"open","template":"","meta":[],"product_cat":[9534],"product_tag":[9845],"class_list":{"0":"post-257177","1":"product","2":"type-product","3":"status-publish","4":"has-post-thumbnail","6":"product_brand-vokietija-germany","7":"product_cat-stabdziu-remonto-nuorinimo-irankiai","8":"product_tag-vokietija-germany","10":"first","11":"outofstock","12":"purchasable","13":"product-type-simple"},"jetpack_sharing_enabled":true,"_links":{"self":[{"href":"https:\/\/irankiuzona.lt\/ru\/wp-json\/wp\/v2\/product\/257177","targetHints":{"allow":["GET"]}}],"collection":[{"href":"https:\/\/irankiuzona.lt\/ru\/wp-json\/wp\/v2\/product"}],"about":[{"href":"https:\/\/irankiuzona.lt\/ru\/wp-json\/wp\/v2\/types\/product"}],"replies":[{"embeddable":true,"href":"https:\/\/irankiuzona.lt\/ru\/wp-json\/wp\/v2\/comments?post=257177"}],"version-history":[{"count":1,"href":"https:\/\/irankiuzona.lt\/ru\/wp-json\/wp\/v2\/product\/257177\/revisions"}],"predecessor-version":[{"id":420885,"href":"https:\/\/irankiuzona.lt\/ru\/wp-json\/wp\/v2\/product\/257177\/revisions\/420885"}],"wp:featuredmedia":[{"embeddable":true,"href":"https:\/\/irankiuzona.lt\/ru\/wp-json\/wp\/v2\/media\/257179"}],"wp:attachment":[{"href":"https:\/\/irankiuzona.lt\/ru\/wp-json\/wp\/v2\/media?parent=257177"}],"wp:term":[{"taxonomy":"product_cat","embeddable":true,"href":"https:\/\/irankiuzona.lt\/ru\/wp-json\/wp\/v2\/product_cat?post=257177"},{"taxonomy":"product_tag","embeddable":true,"href":"https:\/\/irankiuzona.lt\/ru\/wp-json\/wp\/v2\/product_tag?post=257177"}],"curies":[{"name":"wp","href":"https:\/\/api.w.org\/{rel}","templated":true}]}}