{"id":257180,"date":"2024-09-29T11:30:14","date_gmt":"2024-09-29T11:30:14","guid":{"rendered":"https:\/\/irankiuzona.lt\/product\/galvute-stabdziu-suportams-3-8-15mm-10-kampu\/"},"modified":"2026-05-09T20:54:43","modified_gmt":"2026-05-09T20:54:43","slug":"galvute-stabdziu-suportams-3-8-15mm-10-kampu","status":"publish","type":"product","link":"https:\/\/irankiuzona.lt\/ru\/product\/galvute-stabdziu-suportams-3-8-15mm-10-kampu\/","title":{"rendered":"Galvut\u0117 stabd\u017ei\u0173 suportams 3\/8 15mm 10-kamp\u0173"},"content":{"rendered":"<p>Audi Q7, S8 \/ Porsche Cayenne, Cayman, MacanAUDI, PORSCHEchrome vanadium steel<br \/>\nBrake Caliper Socket, 3\/8&quot;, specialist 10-point 15 mm<\/p>","protected":false},"excerpt":{"rendered":"<p>Spec\u00a0Galvut\u0117 stabd\u017ei\u0173 suportams 3\/8 15mm 10-kamp\u0173 (30mm ilgio)<\/p>","protected":false},"featured_media":257182,"comment_status":"open","ping_status":"open","template":"","meta":[],"product_cat":[9540],"product_tag":[9462],"class_list":{"0":"post-257180","1":"product","2":"type-product","3":"status-publish","4":"has-post-thumbnail","6":"product_brand-condor-werkzeug-vokietija","7":"product_cat-suportu-remonto-irankiai","8":"product_tag-condor-werkzeug-vokietija","10":"first","11":"instock","12":"purchasable","13":"product-type-simple"},"jetpack_sharing_enabled":true,"_links":{"self":[{"href":"https:\/\/irankiuzona.lt\/ru\/wp-json\/wp\/v2\/product\/257180","targetHints":{"allow":["GET"]}}],"collection":[{"href":"https:\/\/irankiuzona.lt\/ru\/wp-json\/wp\/v2\/product"}],"about":[{"href":"https:\/\/irankiuzona.lt\/ru\/wp-json\/wp\/v2\/types\/product"}],"replies":[{"embeddable":true,"href":"https:\/\/irankiuzona.lt\/ru\/wp-json\/wp\/v2\/comments?post=257180"}],"version-history":[{"count":1,"href":"https:\/\/irankiuzona.lt\/ru\/wp-json\/wp\/v2\/product\/257180\/revisions"}],"predecessor-version":[{"id":420886,"href":"https:\/\/irankiuzona.lt\/ru\/wp-json\/wp\/v2\/product\/257180\/revisions\/420886"}],"wp:featuredmedia":[{"embeddable":true,"href":"https:\/\/irankiuzona.lt\/ru\/wp-json\/wp\/v2\/media\/257182"}],"wp:attachment":[{"href":"https:\/\/irankiuzona.lt\/ru\/wp-json\/wp\/v2\/media?parent=257180"}],"wp:term":[{"taxonomy":"product_cat","embeddable":true,"href":"https:\/\/irankiuzona.lt\/ru\/wp-json\/wp\/v2\/product_cat?post=257180"},{"taxonomy":"product_tag","embeddable":true,"href":"https:\/\/irankiuzona.lt\/ru\/wp-json\/wp\/v2\/product_tag?post=257180"}],"curies":[{"name":"wp","href":"https:\/\/api.w.org\/{rel}","templated":true}]}}