{"id":257204,"date":"2024-09-29T11:30:16","date_gmt":"2024-09-29T11:30:16","guid":{"rendered":"https:\/\/irankiuzona.lt\/product\/galvute-stabdziu-suportams-1-2-20mm-10-kampu\/"},"modified":"2026-05-16T22:54:21","modified_gmt":"2026-05-16T22:54:21","slug":"galvute-stabdziu-suportams-1-2-20mm-10-kampu","status":"publish","type":"product","link":"https:\/\/irankiuzona.lt\/ru\/product\/galvute-stabdziu-suportams-1-2-20mm-10-kampu\/","title":{"rendered":"Galvut\u0117 stabd\u017ei\u0173 suportams 1\/2 20mm 10-kamp\u0173"},"content":{"rendered":"<p>Audi A8, S6 \/ Porsche CayenneAUDI, PORSCHEchrome vanadium steel<br \/>\nBrake Caliper Socket, 1\/2&quot;, specialist 10-point 20 mm<\/p>","protected":false},"excerpt":{"rendered":"<p>Spec\u00a0Galvut\u0117 stabd\u017ei\u0173 suportams 1\/2 20mm 10-kamp\u0173 (38mm ilgio)<\/p>","protected":false},"featured_media":257206,"comment_status":"open","ping_status":"open","template":"","meta":[],"product_cat":[9540],"product_tag":[9462],"class_list":{"0":"post-257204","1":"product","2":"type-product","3":"status-publish","4":"has-post-thumbnail","6":"product_brand-condor-werkzeug-vokietija","7":"product_cat-suportu-remonto-irankiai","8":"product_tag-condor-werkzeug-vokietija","10":"first","11":"instock","12":"purchasable","13":"product-type-simple"},"jetpack_sharing_enabled":true,"_links":{"self":[{"href":"https:\/\/irankiuzona.lt\/ru\/wp-json\/wp\/v2\/product\/257204","targetHints":{"allow":["GET"]}}],"collection":[{"href":"https:\/\/irankiuzona.lt\/ru\/wp-json\/wp\/v2\/product"}],"about":[{"href":"https:\/\/irankiuzona.lt\/ru\/wp-json\/wp\/v2\/types\/product"}],"replies":[{"embeddable":true,"href":"https:\/\/irankiuzona.lt\/ru\/wp-json\/wp\/v2\/comments?post=257204"}],"version-history":[{"count":1,"href":"https:\/\/irankiuzona.lt\/ru\/wp-json\/wp\/v2\/product\/257204\/revisions"}],"predecessor-version":[{"id":420894,"href":"https:\/\/irankiuzona.lt\/ru\/wp-json\/wp\/v2\/product\/257204\/revisions\/420894"}],"wp:featuredmedia":[{"embeddable":true,"href":"https:\/\/irankiuzona.lt\/ru\/wp-json\/wp\/v2\/media\/257206"}],"wp:attachment":[{"href":"https:\/\/irankiuzona.lt\/ru\/wp-json\/wp\/v2\/media?parent=257204"}],"wp:term":[{"taxonomy":"product_cat","embeddable":true,"href":"https:\/\/irankiuzona.lt\/ru\/wp-json\/wp\/v2\/product_cat?post=257204"},{"taxonomy":"product_tag","embeddable":true,"href":"https:\/\/irankiuzona.lt\/ru\/wp-json\/wp\/v2\/product_tag?post=257204"}],"curies":[{"name":"wp","href":"https:\/\/api.w.org\/{rel}","templated":true}]}}