{"id":257249,"date":"2024-09-29T11:30:21","date_gmt":"2024-09-29T11:30:21","guid":{"rendered":"https:\/\/irankiuzona.lt\/product\/alkuninio-veleno-sandariklio-ziedo-montavimo-irankis-vag-benzininiams-ir-dyzeliniams-varikliams\/"},"modified":"2026-04-13T01:48:51","modified_gmt":"2026-04-13T01:48:51","slug":"alkuninio-veleno-sandariklio-ziedo-montavimo-irankis-vag-benzininiams-ir-dyzeliniams-varikliams","status":"publish","type":"product","link":"https:\/\/irankiuzona.lt\/ru\/product\/alkuninio-veleno-sandariklio-ziedo-montavimo-irankis-vag-benzininiams-ir-dyzeliniams-varikliams\/","title":{"rendered":"Alk\u016bninio veleno sandariklio \u017eiedo montavimo \u012frankis VAG benzininiams ir dyzeliniams varikliams"},"content":{"rendered":"<p>Golf 2004, Touran 2004, Audi A3 2004, and 4 cylinder diesel, 1.9, 2.0SDI, 2.0 TDi, 2.0 and 2.0 Common Rails (Diesel).1.4i Turbo, 1.4-1.6 Direct Injection (Petrol). 2004 models 1.4i Turbo, 1.4-1.6 Direct Injection. OEM Tool Code:- T10134.<\/p>","protected":false},"excerpt":{"rendered":"<p>Alk\u016bninio veleno sandariklio \u017eiedo montavimo \u012frankis \/ VAG benzininiams ir dyzeliniams varikliams<\/p>","protected":false},"featured_media":257251,"comment_status":"open","ping_status":"open","template":"","meta":[],"product_cat":[9730],"product_tag":[9435],"class_list":{"0":"post-257249","1":"product","2":"type-product","3":"status-publish","4":"has-post-thumbnail","6":"product_brand-kinija","7":"product_cat-irankiai-rieboksliams","8":"product_tag-kinija","10":"first","11":"outofstock","12":"purchasable","13":"product-type-simple"},"jetpack_sharing_enabled":true,"_links":{"self":[{"href":"https:\/\/irankiuzona.lt\/ru\/wp-json\/wp\/v2\/product\/257249","targetHints":{"allow":["GET"]}}],"collection":[{"href":"https:\/\/irankiuzona.lt\/ru\/wp-json\/wp\/v2\/product"}],"about":[{"href":"https:\/\/irankiuzona.lt\/ru\/wp-json\/wp\/v2\/types\/product"}],"replies":[{"embeddable":true,"href":"https:\/\/irankiuzona.lt\/ru\/wp-json\/wp\/v2\/comments?post=257249"}],"version-history":[{"count":1,"href":"https:\/\/irankiuzona.lt\/ru\/wp-json\/wp\/v2\/product\/257249\/revisions"}],"predecessor-version":[{"id":420909,"href":"https:\/\/irankiuzona.lt\/ru\/wp-json\/wp\/v2\/product\/257249\/revisions\/420909"}],"wp:featuredmedia":[{"embeddable":true,"href":"https:\/\/irankiuzona.lt\/ru\/wp-json\/wp\/v2\/media\/257251"}],"wp:attachment":[{"href":"https:\/\/irankiuzona.lt\/ru\/wp-json\/wp\/v2\/media?parent=257249"}],"wp:term":[{"taxonomy":"product_cat","embeddable":true,"href":"https:\/\/irankiuzona.lt\/ru\/wp-json\/wp\/v2\/product_cat?post=257249"},{"taxonomy":"product_tag","embeddable":true,"href":"https:\/\/irankiuzona.lt\/ru\/wp-json\/wp\/v2\/product_tag?post=257249"}],"curies":[{"name":"wp","href":"https:\/\/api.w.org\/{rel}","templated":true}]}}