{"id":257255,"date":"2024-09-29T11:30:22","date_gmt":"2024-09-29T11:30:22","guid":{"rendered":"https:\/\/irankiuzona.lt\/product\/serpetu-salimimo-irankis-peiliukai-5vnt\/"},"modified":"2026-04-13T03:46:00","modified_gmt":"2026-04-13T03:46:00","slug":"serpetu-salimimo-irankis-peiliukai-5vnt","status":"publish","type":"product","link":"https:\/\/irankiuzona.lt\/ru\/product\/serpetu-salimimo-irankis-peiliukai-5vnt\/","title":{"rendered":"\u0160erpet\u0173 \u0161alimimo \u012frankis + peiliukai 5vnt"},"content":{"rendered":"<p>\u0160urmuliatorius su besisukan\u010diais peiliais, pagamintas i\u0161 HSS M2 plieno su tvirtu anoduoto aliuminio korpusu. Korpuso viduje yra 5 atsarginiai peiliukai.<br \/>\nilgis: 135 mm<\/p>","protected":false},"excerpt":{"rendered":"<p>\u0160erpet\u0173 \u0161alimimo \u012frankis + peiliukai 5vnt<\/p>","protected":false},"featured_media":257257,"comment_status":"open","ping_status":"open","template":"","meta":[],"product_cat":[9678],"product_tag":[9483],"class_list":{"0":"post-257255","1":"product","2":"type-product","3":"status-publish","4":"has-post-thumbnail","6":"product_brand-yato-lenkija","7":"product_cat-vamzdeliu-pjovimui","8":"product_tag-yato-lenkija","10":"first","11":"instock","12":"purchasable","13":"product-type-simple"},"jetpack_sharing_enabled":true,"_links":{"self":[{"href":"https:\/\/irankiuzona.lt\/ru\/wp-json\/wp\/v2\/product\/257255","targetHints":{"allow":["GET"]}}],"collection":[{"href":"https:\/\/irankiuzona.lt\/ru\/wp-json\/wp\/v2\/product"}],"about":[{"href":"https:\/\/irankiuzona.lt\/ru\/wp-json\/wp\/v2\/types\/product"}],"replies":[{"embeddable":true,"href":"https:\/\/irankiuzona.lt\/ru\/wp-json\/wp\/v2\/comments?post=257255"}],"version-history":[{"count":1,"href":"https:\/\/irankiuzona.lt\/ru\/wp-json\/wp\/v2\/product\/257255\/revisions"}],"predecessor-version":[{"id":420911,"href":"https:\/\/irankiuzona.lt\/ru\/wp-json\/wp\/v2\/product\/257255\/revisions\/420911"}],"wp:featuredmedia":[{"embeddable":true,"href":"https:\/\/irankiuzona.lt\/ru\/wp-json\/wp\/v2\/media\/257257"}],"wp:attachment":[{"href":"https:\/\/irankiuzona.lt\/ru\/wp-json\/wp\/v2\/media?parent=257255"}],"wp:term":[{"taxonomy":"product_cat","embeddable":true,"href":"https:\/\/irankiuzona.lt\/ru\/wp-json\/wp\/v2\/product_cat?post=257255"},{"taxonomy":"product_tag","embeddable":true,"href":"https:\/\/irankiuzona.lt\/ru\/wp-json\/wp\/v2\/product_tag?post=257255"}],"curies":[{"name":"wp","href":"https:\/\/api.w.org\/{rel}","templated":true}]}}