{"id":257291,"date":"2024-09-29T11:30:26","date_gmt":"2024-09-29T11:30:26","guid":{"rendered":"https:\/\/irankiuzona.lt\/product\/vidiniu-guoliu-nuemejas-3-kojis\/"},"modified":"2026-04-15T15:40:49","modified_gmt":"2026-04-15T15:40:49","slug":"vidiniu-guoliu-nuemejas-3-kojis","status":"publish","type":"product","link":"https:\/\/irankiuzona.lt\/ru\/product\/vidiniu-guoliu-nuemejas-3-kojis\/","title":{"rendered":"Vidini\u0173 guoli\u0173 nu\u0117m\u0117jas 3-kojis"},"content":{"rendered":"<p>Pagaminta i\u0161 auk\u0161tos kokyb\u0117s plienoNaudojamas vandens siurblio remontui<\/p>","protected":false},"excerpt":{"rendered":"<p>Vidini\u0173 guoli\u0173 nu\u0117m\u0117jas 3-kojis<\/p>","protected":false},"featured_media":257293,"comment_status":"open","ping_status":"open","template":"","meta":[],"product_cat":[9533],"product_tag":[9435],"class_list":{"0":"post-257291","1":"product","2":"type-product","3":"status-publish","4":"has-post-thumbnail","6":"product_brand-kinija","7":"product_cat-vidiniu-guoliu-nuemejai-istraukejai","8":"product_tag-kinija","10":"first","11":"instock","12":"purchasable","13":"product-type-simple"},"jetpack_sharing_enabled":true,"_links":{"self":[{"href":"https:\/\/irankiuzona.lt\/ru\/wp-json\/wp\/v2\/product\/257291","targetHints":{"allow":["GET"]}}],"collection":[{"href":"https:\/\/irankiuzona.lt\/ru\/wp-json\/wp\/v2\/product"}],"about":[{"href":"https:\/\/irankiuzona.lt\/ru\/wp-json\/wp\/v2\/types\/product"}],"replies":[{"embeddable":true,"href":"https:\/\/irankiuzona.lt\/ru\/wp-json\/wp\/v2\/comments?post=257291"}],"version-history":[{"count":1,"href":"https:\/\/irankiuzona.lt\/ru\/wp-json\/wp\/v2\/product\/257291\/revisions"}],"predecessor-version":[{"id":420923,"href":"https:\/\/irankiuzona.lt\/ru\/wp-json\/wp\/v2\/product\/257291\/revisions\/420923"}],"wp:featuredmedia":[{"embeddable":true,"href":"https:\/\/irankiuzona.lt\/ru\/wp-json\/wp\/v2\/media\/257293"}],"wp:attachment":[{"href":"https:\/\/irankiuzona.lt\/ru\/wp-json\/wp\/v2\/media?parent=257291"}],"wp:term":[{"taxonomy":"product_cat","embeddable":true,"href":"https:\/\/irankiuzona.lt\/ru\/wp-json\/wp\/v2\/product_cat?post=257291"},{"taxonomy":"product_tag","embeddable":true,"href":"https:\/\/irankiuzona.lt\/ru\/wp-json\/wp\/v2\/product_tag?post=257291"}],"curies":[{"name":"wp","href":"https:\/\/api.w.org\/{rel}","templated":true}]}}