{"id":257297,"date":"2024-09-29T11:30:27","date_gmt":"2024-09-29T11:30:27","guid":{"rendered":"https:\/\/irankiuzona.lt\/product\/atsarginiu-varztu-k-tas-nuemejams-2m14m16\/"},"modified":"2026-04-15T00:52:50","modified_gmt":"2026-04-15T00:52:50","slug":"atsarginiu-varztu-k-tas-nuemejams-2m14m16","status":"publish","type":"product","link":"https:\/\/irankiuzona.lt\/ru\/product\/atsarginiu-varztu-k-tas-nuemejams-2m14m16\/","title":{"rendered":"Atsargini\u0173 var\u017et\u0173 k-tas nu\u0117m\u0117jams 2*M14+M16"},"content":{"rendered":"<p>Atsargini\u0173 var\u017et\u0173 k-tas nu\u0117m\u0117jams 2*M14+M16<br \/>\nDydis &#8211;\u00a0M14x1.5, M16x1.5;<br \/>\nIlgis &#8211; 108mm.<br \/>\ntinka naudoti Audi, Seat, Skoda\u00a0ir VW<\/p>","protected":false},"excerpt":{"rendered":"<p>Atsargini\u0173 var\u017et\u0173 k-tas nu\u0117m\u0117jams 2*M14+M16<\/p>","protected":false},"featured_media":257299,"comment_status":"open","ping_status":"open","template":"","meta":[],"product_cat":[10120],"product_tag":[9462],"class_list":{"0":"post-257297","1":"product","2":"type-product","3":"status-publish","4":"has-post-thumbnail","6":"product_brand-condor-werkzeug-vokietija","7":"product_cat-irankiai-nuemimui","8":"product_tag-condor-werkzeug-vokietija","10":"first","11":"instock","12":"purchasable","13":"product-type-simple"},"jetpack_sharing_enabled":true,"_links":{"self":[{"href":"https:\/\/irankiuzona.lt\/ru\/wp-json\/wp\/v2\/product\/257297","targetHints":{"allow":["GET"]}}],"collection":[{"href":"https:\/\/irankiuzona.lt\/ru\/wp-json\/wp\/v2\/product"}],"about":[{"href":"https:\/\/irankiuzona.lt\/ru\/wp-json\/wp\/v2\/types\/product"}],"replies":[{"embeddable":true,"href":"https:\/\/irankiuzona.lt\/ru\/wp-json\/wp\/v2\/comments?post=257297"}],"version-history":[{"count":1,"href":"https:\/\/irankiuzona.lt\/ru\/wp-json\/wp\/v2\/product\/257297\/revisions"}],"predecessor-version":[{"id":420925,"href":"https:\/\/irankiuzona.lt\/ru\/wp-json\/wp\/v2\/product\/257297\/revisions\/420925"}],"wp:featuredmedia":[{"embeddable":true,"href":"https:\/\/irankiuzona.lt\/ru\/wp-json\/wp\/v2\/media\/257299"}],"wp:attachment":[{"href":"https:\/\/irankiuzona.lt\/ru\/wp-json\/wp\/v2\/media?parent=257297"}],"wp:term":[{"taxonomy":"product_cat","embeddable":true,"href":"https:\/\/irankiuzona.lt\/ru\/wp-json\/wp\/v2\/product_cat?post=257297"},{"taxonomy":"product_tag","embeddable":true,"href":"https:\/\/irankiuzona.lt\/ru\/wp-json\/wp\/v2\/product_tag?post=257297"}],"curies":[{"name":"wp","href":"https:\/\/api.w.org\/{rel}","templated":true}]}}