{"id":257309,"date":"2024-09-29T11:30:28","date_gmt":"2024-09-29T11:30:28","guid":{"rendered":"https:\/\/irankiuzona.lt\/product\/tuscias-deklas-3-ju-kiseniu\/"},"modified":"2025-10-30T13:50:25","modified_gmt":"2025-10-30T13:50:25","slug":"tuscias-deklas-3-ju-kiseniu","status":"publish","type":"product","link":"https:\/\/irankiuzona.lt\/ru\/product\/tuscias-deklas-3-ju-kiseniu\/","title":{"rendered":"Tu\u0161\u010dias d\u0117klas 3-j\u0173 ki\u0161eni\u0173"},"content":{"rendered":"","protected":false},"excerpt":{"rendered":"<p>Tu\u0161\u010dias d\u0117klas 3-j\u0173 ki\u0161eni\u0173<\/p>","protected":false},"featured_media":257311,"comment_status":"open","ping_status":"open","template":"","meta":[],"product_cat":[10020],"product_tag":[9845],"class_list":{"0":"post-257309","1":"product","2":"type-product","3":"status-publish","4":"has-post-thumbnail","6":"product_brand-vokietija-germany","7":"product_cat-deklai-raktams","8":"product_tag-vokietija-germany","10":"first","11":"outofstock","12":"purchasable","13":"product-type-simple"},"jetpack_sharing_enabled":true,"_links":{"self":[{"href":"https:\/\/irankiuzona.lt\/ru\/wp-json\/wp\/v2\/product\/257309","targetHints":{"allow":["GET"]}}],"collection":[{"href":"https:\/\/irankiuzona.lt\/ru\/wp-json\/wp\/v2\/product"}],"about":[{"href":"https:\/\/irankiuzona.lt\/ru\/wp-json\/wp\/v2\/types\/product"}],"replies":[{"embeddable":true,"href":"https:\/\/irankiuzona.lt\/ru\/wp-json\/wp\/v2\/comments?post=257309"}],"version-history":[{"count":1,"href":"https:\/\/irankiuzona.lt\/ru\/wp-json\/wp\/v2\/product\/257309\/revisions"}],"predecessor-version":[{"id":420929,"href":"https:\/\/irankiuzona.lt\/ru\/wp-json\/wp\/v2\/product\/257309\/revisions\/420929"}],"wp:featuredmedia":[{"embeddable":true,"href":"https:\/\/irankiuzona.lt\/ru\/wp-json\/wp\/v2\/media\/257311"}],"wp:attachment":[{"href":"https:\/\/irankiuzona.lt\/ru\/wp-json\/wp\/v2\/media?parent=257309"}],"wp:term":[{"taxonomy":"product_cat","embeddable":true,"href":"https:\/\/irankiuzona.lt\/ru\/wp-json\/wp\/v2\/product_cat?post=257309"},{"taxonomy":"product_tag","embeddable":true,"href":"https:\/\/irankiuzona.lt\/ru\/wp-json\/wp\/v2\/product_tag?post=257309"}],"curies":[{"name":"wp","href":"https:\/\/api.w.org\/{rel}","templated":true}]}}