{"id":257557,"date":"2024-09-29T11:30:57","date_gmt":"2024-09-29T11:30:57","guid":{"rendered":"https:\/\/irankiuzona.lt\/product\/testeris-stabdziu-skysciams-9v-dot-3-4-5\/"},"modified":"2026-05-13T21:20:33","modified_gmt":"2026-05-13T21:20:33","slug":"testeris-stabdziu-skysciams-9v-dot-3-4-5","status":"publish","type":"product","link":"https:\/\/irankiuzona.lt\/ru\/product\/testeris-stabdziu-skysciams-9v-dot-3-4-5\/","title":{"rendered":"Testeris stabd\u017ei\u0173 skys\u010diams 9V DOT 3\/4\/5"},"content":{"rendered":"<p>skirtas DOT-3, DOT-4, DOT-5 stabd\u017ei\u0173 skys\u010diams;aptinka vandens kiek\u012f nuo 0 iki 5 %;komplekte 9 V baterija;guminis korpusas apsaugo nuo mechanini\u0173 pa\u017eeidim\u0173 ir neleid\u017eia i\u0161slysti i\u0161 rank\u0173.<\/p>","protected":false},"excerpt":{"rendered":"<p>Testeris stabd\u017ei\u0173 skys\u010diams 9V DOT 3\/4\/5<\/p>","protected":false},"featured_media":257559,"comment_status":"open","ping_status":"open","template":"","meta":[],"product_cat":[9534],"product_tag":[9969],"class_list":{"0":"post-257557","1":"product","2":"type-product","3":"status-publish","4":"has-post-thumbnail","6":"product_brand-hogert-technik-vokietija","7":"product_cat-stabdziu-remonto-nuorinimo-irankiai","8":"product_tag-hogert-technik-vokietija","10":"first","11":"instock","12":"purchasable","13":"product-type-simple"},"jetpack_sharing_enabled":true,"_links":{"self":[{"href":"https:\/\/irankiuzona.lt\/ru\/wp-json\/wp\/v2\/product\/257557","targetHints":{"allow":["GET"]}}],"collection":[{"href":"https:\/\/irankiuzona.lt\/ru\/wp-json\/wp\/v2\/product"}],"about":[{"href":"https:\/\/irankiuzona.lt\/ru\/wp-json\/wp\/v2\/types\/product"}],"replies":[{"embeddable":true,"href":"https:\/\/irankiuzona.lt\/ru\/wp-json\/wp\/v2\/comments?post=257557"}],"version-history":[{"count":1,"href":"https:\/\/irankiuzona.lt\/ru\/wp-json\/wp\/v2\/product\/257557\/revisions"}],"predecessor-version":[{"id":421007,"href":"https:\/\/irankiuzona.lt\/ru\/wp-json\/wp\/v2\/product\/257557\/revisions\/421007"}],"wp:featuredmedia":[{"embeddable":true,"href":"https:\/\/irankiuzona.lt\/ru\/wp-json\/wp\/v2\/media\/257559"}],"wp:attachment":[{"href":"https:\/\/irankiuzona.lt\/ru\/wp-json\/wp\/v2\/media?parent=257557"}],"wp:term":[{"taxonomy":"product_cat","embeddable":true,"href":"https:\/\/irankiuzona.lt\/ru\/wp-json\/wp\/v2\/product_cat?post=257557"},{"taxonomy":"product_tag","embeddable":true,"href":"https:\/\/irankiuzona.lt\/ru\/wp-json\/wp\/v2\/product_tag?post=257557"}],"curies":[{"name":"wp","href":"https:\/\/api.w.org\/{rel}","templated":true}]}}