{"id":257590,"date":"2024-09-29T11:31:00","date_gmt":"2024-09-29T11:31:00","guid":{"rendered":"https:\/\/irankiuzona.lt\/product\/pripuciama-pagalve-kebulo-darbams-190x110-mm\/"},"modified":"2026-04-12T17:37:50","modified_gmt":"2026-04-12T17:37:50","slug":"pripuciama-pagalve-kebulo-darbams-190x110-mm","status":"publish","type":"product","link":"https:\/\/irankiuzona.lt\/ru\/product\/pripuciama-pagalve-kebulo-darbams-190x110-mm\/","title":{"rendered":"Pripu\u010diama pagalv\u0117 k\u0117bulo darbams 190&#215;110 mm"},"content":{"rendered":"<p>keliamoji galia: 135 kgmaksimalus k\u0117limo auk\u0161tis: 50 mm\u017earnos ilgis: 250 mm<\/p>","protected":false},"excerpt":{"rendered":"<p>Pripu\u010diama pagalv\u0117 k\u0117bulo darbams 190&#215;110 mm<\/p>","protected":false},"featured_media":257592,"comment_status":"open","ping_status":"open","template":"","meta":[],"product_cat":[9556],"product_tag":[9483],"class_list":{"0":"post-257590","1":"product","2":"type-product","3":"status-publish","4":"has-post-thumbnail","6":"product_brand-yato-lenkija","7":"product_cat-irankiai-kebulo-lyginimui","8":"product_tag-yato-lenkija","10":"first","11":"outofstock","12":"purchasable","13":"product-type-simple"},"jetpack_sharing_enabled":true,"_links":{"self":[{"href":"https:\/\/irankiuzona.lt\/ru\/wp-json\/wp\/v2\/product\/257590","targetHints":{"allow":["GET"]}}],"collection":[{"href":"https:\/\/irankiuzona.lt\/ru\/wp-json\/wp\/v2\/product"}],"about":[{"href":"https:\/\/irankiuzona.lt\/ru\/wp-json\/wp\/v2\/types\/product"}],"replies":[{"embeddable":true,"href":"https:\/\/irankiuzona.lt\/ru\/wp-json\/wp\/v2\/comments?post=257590"}],"version-history":[{"count":1,"href":"https:\/\/irankiuzona.lt\/ru\/wp-json\/wp\/v2\/product\/257590\/revisions"}],"predecessor-version":[{"id":421016,"href":"https:\/\/irankiuzona.lt\/ru\/wp-json\/wp\/v2\/product\/257590\/revisions\/421016"}],"wp:featuredmedia":[{"embeddable":true,"href":"https:\/\/irankiuzona.lt\/ru\/wp-json\/wp\/v2\/media\/257592"}],"wp:attachment":[{"href":"https:\/\/irankiuzona.lt\/ru\/wp-json\/wp\/v2\/media?parent=257590"}],"wp:term":[{"taxonomy":"product_cat","embeddable":true,"href":"https:\/\/irankiuzona.lt\/ru\/wp-json\/wp\/v2\/product_cat?post=257590"},{"taxonomy":"product_tag","embeddable":true,"href":"https:\/\/irankiuzona.lt\/ru\/wp-json\/wp\/v2\/product_tag?post=257590"}],"curies":[{"name":"wp","href":"https:\/\/api.w.org\/{rel}","templated":true}]}}