{"id":257641,"date":"2024-09-29T11:40:07","date_gmt":"2024-09-29T11:40:07","guid":{"rendered":"https:\/\/irankiuzona.lt\/product\/filtro-galvu-k-tas-65-120mm30-hogert-ht8g307\/"},"modified":"2026-04-13T09:44:34","modified_gmt":"2026-04-13T09:44:34","slug":"filtro-galvu-k-tas-65-120mm30-hogert-ht8g307","status":"publish","type":"product","link":"https:\/\/irankiuzona.lt\/ru\/product\/filtro-galvu-k-tas-65-120mm30-hogert-ht8g307\/","title":{"rendered":"Filtro galv\u0173 k-tas 65-120mm*30, HOGERT HT8G307"},"content":{"rendered":"<p>30-ties dali\u0173 filtr\u0173 k-tas :<br \/>\n65\/14 \u2013 Daihatsu, Toyota, Nissan, Fiat<br \/>\n65\/67\/14 Daihatsu, Toyota<br \/>\n66\/6 \u2013 Fiat Punto 1.2, Renault<br \/>\n68\/14 \u2013 Mazda, Ford Escort, Subaru<br \/>\n73\/14 \u2013 Toyota, Lexus<br \/>\n74\/15 \u2013 Audi, GM, Rover, Chrysler<br \/>\n74\/76\/15 \u2013 Ford, Opel, VW, Audi, Mercedes<br \/>\n75\/77\/15 \u2013 VW, Audi, Ford, Isuzu, Mercedes, Opel<br \/>\n76\/8 \u2013 Fiata Marea, Lancia Delta<br \/>\n76\/12 \u2013 Fiat, Renault, Mercedes<br \/>\n76\/30 \u2013 Ford, Motorcraft FL400A<br \/>\n78\/15 \u2013 Nissan, Ford, Toyota<br \/>\n80\/15 \u2013 Nissan, Honda, Opel, Mazda<br \/>\n80\/82\/15 \u2013 Subaru, Toyota, Honda, Mazda, Nissan<br \/>\n86\/16 \u2013 Volvo S40\/ S60\/ S70\/ S80<br \/>\n86\/18 \u2013 VW, Audi, Renault, Peugeot, Citroen<br \/>\n90\/15 \u2013 Subaru, Toyota, Honda, Mazda, Nissan<br \/>\n92\/10 \u2013 Fiata, Lancia<br \/>\n93\/15 \u2013 Mazda, Volvo, Mitsubishi, Nissan, Honda<br \/>\n93\/36 \u2013 Ford, Motorcraft FLINFLA 1B, FL3001, FL320<br \/>\n93\/45 \u2013 VW, Audi<br \/>\n95\/5 \u2013 Toyota, Alfa, GM, Ford, Chrysler<br \/>\n96\/18 \u2013 VW, Renault<br \/>\n100\/15 \u2013 Isuzu, Mitsubishi<br \/>\n106\/15 \u2013 Fiata Ducato 2.5D<br \/>\n108\/15 \u2013 Volvo Diesel C70\/ S70\/ N70\/ 850 TDI<br \/>\n108\/18 \u2013 Renault Espace\/ Laguna\/ Master\/ Safrane\/ Traffic 2.4 + 2.5 + 2.8D + TDI<\/p>","protected":false},"excerpt":{"rendered":"<p>Filtro galv\u0173 k-tas 65-120mm*30<\/p>","protected":false},"featured_media":257643,"comment_status":"open","ping_status":"open","template":"","meta":[],"product_cat":[9547],"product_tag":[9969],"class_list":{"0":"post-257641","1":"product","2":"type-product","3":"status-publish","4":"has-post-thumbnail","6":"product_brand-hogert-technik-vokietija","7":"product_cat-galvu-komplektai-tepalo-filtrams","8":"product_tag-hogert-technik-vokietija","10":"first","11":"instock","12":"purchasable","13":"product-type-simple"},"jetpack_sharing_enabled":true,"_links":{"self":[{"href":"https:\/\/irankiuzona.lt\/ru\/wp-json\/wp\/v2\/product\/257641","targetHints":{"allow":["GET"]}}],"collection":[{"href":"https:\/\/irankiuzona.lt\/ru\/wp-json\/wp\/v2\/product"}],"about":[{"href":"https:\/\/irankiuzona.lt\/ru\/wp-json\/wp\/v2\/types\/product"}],"replies":[{"embeddable":true,"href":"https:\/\/irankiuzona.lt\/ru\/wp-json\/wp\/v2\/comments?post=257641"}],"version-history":[{"count":1,"href":"https:\/\/irankiuzona.lt\/ru\/wp-json\/wp\/v2\/product\/257641\/revisions"}],"predecessor-version":[{"id":421033,"href":"https:\/\/irankiuzona.lt\/ru\/wp-json\/wp\/v2\/product\/257641\/revisions\/421033"}],"wp:featuredmedia":[{"embeddable":true,"href":"https:\/\/irankiuzona.lt\/ru\/wp-json\/wp\/v2\/media\/257643"}],"wp:attachment":[{"href":"https:\/\/irankiuzona.lt\/ru\/wp-json\/wp\/v2\/media?parent=257641"}],"wp:term":[{"taxonomy":"product_cat","embeddable":true,"href":"https:\/\/irankiuzona.lt\/ru\/wp-json\/wp\/v2\/product_cat?post=257641"},{"taxonomy":"product_tag","embeddable":true,"href":"https:\/\/irankiuzona.lt\/ru\/wp-json\/wp\/v2\/product_tag?post=257641"}],"curies":[{"name":"wp","href":"https:\/\/api.w.org\/{rel}","templated":true}]}}