{"id":257749,"date":"2024-09-29T11:40:18","date_gmt":"2024-09-29T11:40:18","guid":{"rendered":"https:\/\/irankiuzona.lt\/product\/dujos-butano-ziebtuveliams-specialist\/"},"modified":"2026-04-12T19:53:52","modified_gmt":"2026-04-12T19:53:52","slug":"dujos-butano-ziebtuveliams-specialist","status":"publish","type":"product","link":"https:\/\/irankiuzona.lt\/ru\/product\/dujos-butano-ziebtuveliams-specialist\/","title":{"rendered":"Dujos butano \u017eiebtuv\u0117liams Specialist+"},"content":{"rendered":"<p>Specialist+ butano dujos \u017eiebtuv\u0117liams ir dujiniams lituokliams u\u017epildytiDuj\u0173 balion\u0117lis atitinka EN417 2012 reikalavimus duj\u0173 balionamsPagaminta EU<\/p>","protected":false},"excerpt":{"rendered":"<p>Dujos butano \u017eiebtuv\u0117liams Specialist+<\/p>","protected":false},"featured_media":257751,"comment_status":"open","ping_status":"open","template":"","meta":[],"product_cat":[9856],"product_tag":[],"class_list":{"0":"post-257749","1":"product","2":"type-product","3":"status-publish","4":"has-post-thumbnail","6":"product_cat-duju-balioneliai","8":"first","9":"instock","10":"purchasable","11":"product-type-simple"},"jetpack_sharing_enabled":true,"_links":{"self":[{"href":"https:\/\/irankiuzona.lt\/ru\/wp-json\/wp\/v2\/product\/257749","targetHints":{"allow":["GET"]}}],"collection":[{"href":"https:\/\/irankiuzona.lt\/ru\/wp-json\/wp\/v2\/product"}],"about":[{"href":"https:\/\/irankiuzona.lt\/ru\/wp-json\/wp\/v2\/types\/product"}],"replies":[{"embeddable":true,"href":"https:\/\/irankiuzona.lt\/ru\/wp-json\/wp\/v2\/comments?post=257749"}],"version-history":[{"count":1,"href":"https:\/\/irankiuzona.lt\/ru\/wp-json\/wp\/v2\/product\/257749\/revisions"}],"predecessor-version":[{"id":421068,"href":"https:\/\/irankiuzona.lt\/ru\/wp-json\/wp\/v2\/product\/257749\/revisions\/421068"}],"wp:featuredmedia":[{"embeddable":true,"href":"https:\/\/irankiuzona.lt\/ru\/wp-json\/wp\/v2\/media\/257751"}],"wp:attachment":[{"href":"https:\/\/irankiuzona.lt\/ru\/wp-json\/wp\/v2\/media?parent=257749"}],"wp:term":[{"taxonomy":"product_cat","embeddable":true,"href":"https:\/\/irankiuzona.lt\/ru\/wp-json\/wp\/v2\/product_cat?post=257749"},{"taxonomy":"product_tag","embeddable":true,"href":"https:\/\/irankiuzona.lt\/ru\/wp-json\/wp\/v2\/product_tag?post=257749"}],"curies":[{"name":"wp","href":"https:\/\/api.w.org\/{rel}","templated":true}]}}