{"id":257773,"date":"2024-09-29T11:40:20","date_gmt":"2024-09-29T11:40:20","guid":{"rendered":"https:\/\/irankiuzona.lt\/product\/darbinis-puskombinezonis-smelio-spalvos-dydis-s-2\/"},"modified":"2026-05-09T13:31:17","modified_gmt":"2026-05-09T13:31:17","slug":"darbinis-puskombinezonis-smelio-spalvos-dydis-s-2","status":"publish","type":"product","link":"https:\/\/irankiuzona.lt\/ru\/product\/darbinis-puskombinezonis-smelio-spalvos-dydis-s-2\/","title":{"rendered":"*Darbinis puskombinezonis sm\u0117lio spalvos, dydis S"},"content":{"rendered":"<p>tvirto ir tankaus pynimo puskombinezonis, 270 g\/m\u00b2;Oxford 600D armuojantis pamink\u0161tinimas;med\u017eiaga: 97% medviln\u0117, 3% spandeksas;Velcro u\u017esegamos ki\u0161en\u0117s ant keli\u0173;7 ki\u0161en\u0117s:- 2 u\u017epakalin\u0117s ki\u0161en\u0117s sustiprintos ir su Velcro atvartu;- 2 kr\u016btin\u0117s ki\u0161en\u0117s, viena su Velcro atvartu;- 2 gilios \u0161onin\u0117s ki\u0161en\u0117s;- 1 \u0161onin\u0117 ki\u0161en\u0117 ant kojos;sm\u0117lio spalvos su juodais akcentais;lanksti tekstil\u0117 neribotam jud\u0117jimui;lankst\u016bs petne\u0161os su ilgio reguliavimu;elastin\u0117s juostos nugaroje reguliavimas.<\/p>","protected":false},"excerpt":{"rendered":"<p>Darbinis puskombinezonis sm\u0117lio spalvos, dydis S<\/p>","protected":false},"featured_media":257775,"comment_status":"open","ping_status":"open","template":"","meta":[],"product_cat":[10006],"product_tag":[9969],"class_list":{"0":"post-257773","1":"product","2":"type-product","3":"status-publish","4":"has-post-thumbnail","6":"product_brand-hogert-technik-vokietija","7":"product_cat-darbiniai-puskombinezoniai","8":"product_tag-hogert-technik-vokietija","10":"first","11":"instock","12":"purchasable","13":"product-type-simple"},"jetpack_sharing_enabled":true,"_links":{"self":[{"href":"https:\/\/irankiuzona.lt\/ru\/wp-json\/wp\/v2\/product\/257773","targetHints":{"allow":["GET"]}}],"collection":[{"href":"https:\/\/irankiuzona.lt\/ru\/wp-json\/wp\/v2\/product"}],"about":[{"href":"https:\/\/irankiuzona.lt\/ru\/wp-json\/wp\/v2\/types\/product"}],"replies":[{"embeddable":true,"href":"https:\/\/irankiuzona.lt\/ru\/wp-json\/wp\/v2\/comments?post=257773"}],"version-history":[{"count":1,"href":"https:\/\/irankiuzona.lt\/ru\/wp-json\/wp\/v2\/product\/257773\/revisions"}],"predecessor-version":[{"id":421075,"href":"https:\/\/irankiuzona.lt\/ru\/wp-json\/wp\/v2\/product\/257773\/revisions\/421075"}],"wp:featuredmedia":[{"embeddable":true,"href":"https:\/\/irankiuzona.lt\/ru\/wp-json\/wp\/v2\/media\/257775"}],"wp:attachment":[{"href":"https:\/\/irankiuzona.lt\/ru\/wp-json\/wp\/v2\/media?parent=257773"}],"wp:term":[{"taxonomy":"product_cat","embeddable":true,"href":"https:\/\/irankiuzona.lt\/ru\/wp-json\/wp\/v2\/product_cat?post=257773"},{"taxonomy":"product_tag","embeddable":true,"href":"https:\/\/irankiuzona.lt\/ru\/wp-json\/wp\/v2\/product_tag?post=257773"}],"curies":[{"name":"wp","href":"https:\/\/api.w.org\/{rel}","templated":true}]}}