{"id":257809,"date":"2024-09-29T11:40:24","date_gmt":"2024-09-29T11:40:24","guid":{"rendered":"https:\/\/irankiuzona.lt\/product\/terksle-3-8-cv-72dantu-205mm\/"},"modified":"2026-05-14T19:43:56","modified_gmt":"2026-05-14T19:43:56","slug":"terksle-3-8-cv-72dantu-205mm","status":"publish","type":"product","link":"https:\/\/irankiuzona.lt\/ru\/product\/terksle-3-8-cv-72dantu-205mm\/","title":{"rendered":"Terk\u0161l\u0117 3\/8&quot; CV 72dant\u0173 205mm"},"content":{"rendered":"<p>Ergonomi\u0161ka forma;Dydis 3\/8&quot;;72 dant\u0173 mechanizmas;Ilgis 205 mmMed\u017eiaga: chromo vanad\u017eio plienasKair\u0117s\/de\u0161in\u0117s funkcija.<\/p>","protected":false},"excerpt":{"rendered":"<p>Terk\u0161l\u0117 3\/8&quot; CV 72dant\u0173 205mm<\/p>","protected":false},"featured_media":257811,"comment_status":"open","ping_status":"open","template":"","meta":[],"product_cat":[9507],"product_tag":[9462],"class_list":{"0":"post-257809","1":"product","2":"type-product","3":"status-publish","4":"has-post-thumbnail","6":"product_brand-condor-werkzeug-vokietija","7":"product_cat-terksles-galvutems","8":"product_tag-condor-werkzeug-vokietija","10":"first","11":"instock","12":"purchasable","13":"product-type-simple"},"jetpack_sharing_enabled":true,"_links":{"self":[{"href":"https:\/\/irankiuzona.lt\/ru\/wp-json\/wp\/v2\/product\/257809","targetHints":{"allow":["GET"]}}],"collection":[{"href":"https:\/\/irankiuzona.lt\/ru\/wp-json\/wp\/v2\/product"}],"about":[{"href":"https:\/\/irankiuzona.lt\/ru\/wp-json\/wp\/v2\/types\/product"}],"replies":[{"embeddable":true,"href":"https:\/\/irankiuzona.lt\/ru\/wp-json\/wp\/v2\/comments?post=257809"}],"version-history":[{"count":1,"href":"https:\/\/irankiuzona.lt\/ru\/wp-json\/wp\/v2\/product\/257809\/revisions"}],"predecessor-version":[{"id":421082,"href":"https:\/\/irankiuzona.lt\/ru\/wp-json\/wp\/v2\/product\/257809\/revisions\/421082"}],"wp:featuredmedia":[{"embeddable":true,"href":"https:\/\/irankiuzona.lt\/ru\/wp-json\/wp\/v2\/media\/257811"}],"wp:attachment":[{"href":"https:\/\/irankiuzona.lt\/ru\/wp-json\/wp\/v2\/media?parent=257809"}],"wp:term":[{"taxonomy":"product_cat","embeddable":true,"href":"https:\/\/irankiuzona.lt\/ru\/wp-json\/wp\/v2\/product_cat?post=257809"},{"taxonomy":"product_tag","embeddable":true,"href":"https:\/\/irankiuzona.lt\/ru\/wp-json\/wp\/v2\/product_tag?post=257809"}],"curies":[{"name":"wp","href":"https:\/\/api.w.org\/{rel}","templated":true}]}}