{"id":257857,"date":"2024-09-29T11:40:29","date_gmt":"2024-09-29T11:40:29","guid":{"rendered":"https:\/\/irankiuzona.lt\/product\/adapteris-greiciu-dezes-tepalo-pildymui-a-vw-7-gear-dsg\/"},"modified":"2026-05-13T22:09:58","modified_gmt":"2026-05-13T22:09:58","slug":"adapteris-greiciu-dezes-tepalo-pildymui-a-vw-7-gear-dsg","status":"publish","type":"product","link":"https:\/\/irankiuzona.lt\/ru\/product\/adapteris-greiciu-dezes-tepalo-pildymui-a-vw-7-gear-dsg\/","title":{"rendered":"Adapteris grei\u010di\u0173 d\u0117\u017e\u0117s tepalo pildymui A\/VW 7-gear DSG"},"content":{"rendered":"<p>Tinka :\u00a0AUDI, LEXUS, SEAT, SKODA, SUBARU, TOYOTA, VOLKSWAGEN.<br \/>\nOEM:\u00a0000021110302<\/p>","protected":false},"excerpt":{"rendered":"<p>Adapteris transmisinei alyvai A\/VW 7-gear DSG<\/p>","protected":false},"featured_media":257859,"comment_status":"open","ping_status":"open","template":"","meta":[],"product_cat":[9571],"product_tag":[9462],"class_list":{"0":"post-257857","1":"product","2":"type-product","3":"status-publish","4":"has-post-thumbnail","6":"product_brand-condor-werkzeug-vokietija","7":"product_cat-pompos-alyvai-degalams-sifonai","8":"product_tag-condor-werkzeug-vokietija","10":"first","11":"instock","12":"purchasable","13":"product-type-simple"},"jetpack_sharing_enabled":true,"_links":{"self":[{"href":"https:\/\/irankiuzona.lt\/ru\/wp-json\/wp\/v2\/product\/257857","targetHints":{"allow":["GET"]}}],"collection":[{"href":"https:\/\/irankiuzona.lt\/ru\/wp-json\/wp\/v2\/product"}],"about":[{"href":"https:\/\/irankiuzona.lt\/ru\/wp-json\/wp\/v2\/types\/product"}],"replies":[{"embeddable":true,"href":"https:\/\/irankiuzona.lt\/ru\/wp-json\/wp\/v2\/comments?post=257857"}],"version-history":[{"count":1,"href":"https:\/\/irankiuzona.lt\/ru\/wp-json\/wp\/v2\/product\/257857\/revisions"}],"predecessor-version":[{"id":421097,"href":"https:\/\/irankiuzona.lt\/ru\/wp-json\/wp\/v2\/product\/257857\/revisions\/421097"}],"wp:featuredmedia":[{"embeddable":true,"href":"https:\/\/irankiuzona.lt\/ru\/wp-json\/wp\/v2\/media\/257859"}],"wp:attachment":[{"href":"https:\/\/irankiuzona.lt\/ru\/wp-json\/wp\/v2\/media?parent=257857"}],"wp:term":[{"taxonomy":"product_cat","embeddable":true,"href":"https:\/\/irankiuzona.lt\/ru\/wp-json\/wp\/v2\/product_cat?post=257857"},{"taxonomy":"product_tag","embeddable":true,"href":"https:\/\/irankiuzona.lt\/ru\/wp-json\/wp\/v2\/product_tag?post=257857"}],"curies":[{"name":"wp","href":"https:\/\/api.w.org\/{rel}","templated":true}]}}