{"id":257899,"date":"2024-09-29T11:40:34","date_gmt":"2024-09-29T11:40:34","guid":{"rendered":"https:\/\/irankiuzona.lt\/product\/reples-ratu-balansavimui-225mm\/"},"modified":"2026-05-16T23:30:21","modified_gmt":"2026-05-16T23:30:21","slug":"reples-ratu-balansavimui-225mm","status":"publish","type":"product","link":"https:\/\/irankiuzona.lt\/ru\/product\/reples-ratu-balansavimui-225mm\/","title":{"rendered":"Repl\u0117s rat\u0173 balansavimui 225mm"},"content":{"rendered":"<p>Rat\u0173 balansavimo svorio repl\u0117s, 225 mm ilgio priklijuot\u0173 balansuojam\u0173j\u0173 svareli\u0173 atlaisvinimui.\u00a0Ypa\u010d siauras sukibimo profilis, puikiai tinkantis tiek automobili\u0173, tiek motocikl\u0173 svareliams. Plastikin\u0117 apsauga ant repli\u0173, kad b\u016bt\u0173 i\u0161vengta da\u017e\u0173 pa\u017eeidim\u0173 klijuojant arba nuimant lipnius svarelius nuo\u00a0\u00a0lydinio ratlanki\u0173.\u00a02 pakop\u0173 reguliavimas &#8211; 1 pakopa: 4-16 mm, 2 pakopa: 12-26 mm, siauriems ir platiems\u00a0svareliams.<\/p>","protected":false},"excerpt":{"rendered":"<p>Repl\u0117s rat\u0173 balansavimui 225mm<\/p>","protected":false},"featured_media":257901,"comment_status":"open","ping_status":"closed","template":"","meta":[],"product_cat":[9949],"product_tag":[9462],"class_list":{"0":"post-257899","1":"product","2":"type-product","3":"status-publish","4":"has-post-thumbnail","6":"product_brand-condor-werkzeug-vokietija","7":"product_cat-priemones-ratu-montavimui-balansavimui","8":"product_tag-condor-werkzeug-vokietija","10":"first","11":"instock","12":"purchasable","13":"product-type-simple"},"jetpack_sharing_enabled":true,"_links":{"self":[{"href":"https:\/\/irankiuzona.lt\/ru\/wp-json\/wp\/v2\/product\/257899","targetHints":{"allow":["GET"]}}],"collection":[{"href":"https:\/\/irankiuzona.lt\/ru\/wp-json\/wp\/v2\/product"}],"about":[{"href":"https:\/\/irankiuzona.lt\/ru\/wp-json\/wp\/v2\/types\/product"}],"replies":[{"embeddable":true,"href":"https:\/\/irankiuzona.lt\/ru\/wp-json\/wp\/v2\/comments?post=257899"}],"version-history":[{"count":1,"href":"https:\/\/irankiuzona.lt\/ru\/wp-json\/wp\/v2\/product\/257899\/revisions"}],"predecessor-version":[{"id":421110,"href":"https:\/\/irankiuzona.lt\/ru\/wp-json\/wp\/v2\/product\/257899\/revisions\/421110"}],"wp:featuredmedia":[{"embeddable":true,"href":"https:\/\/irankiuzona.lt\/ru\/wp-json\/wp\/v2\/media\/257901"}],"wp:attachment":[{"href":"https:\/\/irankiuzona.lt\/ru\/wp-json\/wp\/v2\/media?parent=257899"}],"wp:term":[{"taxonomy":"product_cat","embeddable":true,"href":"https:\/\/irankiuzona.lt\/ru\/wp-json\/wp\/v2\/product_cat?post=257899"},{"taxonomy":"product_tag","embeddable":true,"href":"https:\/\/irankiuzona.lt\/ru\/wp-json\/wp\/v2\/product_tag?post=257899"}],"curies":[{"name":"wp","href":"https:\/\/api.w.org\/{rel}","templated":true}]}}