{"id":257908,"date":"2024-09-29T11:40:35","date_gmt":"2024-09-29T11:40:35","guid":{"rendered":"https:\/\/irankiuzona.lt\/product\/kaltas-smailas-metalui-minksta-rankena-510mm\/"},"modified":"2026-04-16T23:48:59","modified_gmt":"2026-04-16T23:48:59","slug":"kaltas-smailas-metalui-minksta-rankena-510mm","status":"publish","type":"product","link":"https:\/\/irankiuzona.lt\/ru\/product\/kaltas-smailas-metalui-minksta-rankena-510mm\/","title":{"rendered":"Kaltas smailas metalui mink\u0161ta rankena 5*10mm"},"content":{"rendered":"<p>Mink\u0161ta rankena sm\u016bgiams slopintichromo-molibdeno plienasmatmenys 5 x 10 mmilgis 170 mm<\/p>","protected":false},"excerpt":{"rendered":"<p>Kaltas smailas metalui mink\u0161ta rankena 5*10mm<\/p>","protected":false},"featured_media":257910,"comment_status":"open","ping_status":"open","template":"","meta":[],"product_cat":[9598],"product_tag":[9462],"class_list":{"0":"post-257908","1":"product","2":"type-product","3":"status-publish","4":"has-post-thumbnail","6":"product_brand-condor-werkzeug-vokietija","7":"product_cat-kaltai-metalui","8":"product_tag-condor-werkzeug-vokietija","10":"first","11":"instock","12":"purchasable","13":"product-type-simple"},"jetpack_sharing_enabled":true,"_links":{"self":[{"href":"https:\/\/irankiuzona.lt\/ru\/wp-json\/wp\/v2\/product\/257908","targetHints":{"allow":["GET"]}}],"collection":[{"href":"https:\/\/irankiuzona.lt\/ru\/wp-json\/wp\/v2\/product"}],"about":[{"href":"https:\/\/irankiuzona.lt\/ru\/wp-json\/wp\/v2\/types\/product"}],"replies":[{"embeddable":true,"href":"https:\/\/irankiuzona.lt\/ru\/wp-json\/wp\/v2\/comments?post=257908"}],"version-history":[{"count":1,"href":"https:\/\/irankiuzona.lt\/ru\/wp-json\/wp\/v2\/product\/257908\/revisions"}],"predecessor-version":[{"id":421113,"href":"https:\/\/irankiuzona.lt\/ru\/wp-json\/wp\/v2\/product\/257908\/revisions\/421113"}],"wp:featuredmedia":[{"embeddable":true,"href":"https:\/\/irankiuzona.lt\/ru\/wp-json\/wp\/v2\/media\/257910"}],"wp:attachment":[{"href":"https:\/\/irankiuzona.lt\/ru\/wp-json\/wp\/v2\/media?parent=257908"}],"wp:term":[{"taxonomy":"product_cat","embeddable":true,"href":"https:\/\/irankiuzona.lt\/ru\/wp-json\/wp\/v2\/product_cat?post=257908"},{"taxonomy":"product_tag","embeddable":true,"href":"https:\/\/irankiuzona.lt\/ru\/wp-json\/wp\/v2\/product_tag?post=257908"}],"curies":[{"name":"wp","href":"https:\/\/api.w.org\/{rel}","templated":true}]}}