{"id":257965,"date":"2024-09-29T11:40:42","date_gmt":"2024-09-29T11:40:42","guid":{"rendered":"https:\/\/irankiuzona.lt\/product\/daugiafunkcinis-irankis-1300w\/"},"modified":"2026-05-14T17:12:08","modified_gmt":"2026-05-14T17:12:08","slug":"daugiafunkcinis-irankis-1300w","status":"publish","type":"product","link":"https:\/\/irankiuzona.lt\/ru\/product\/daugiafunkcinis-irankis-1300w\/","title":{"rendered":"Daugiafunkcinis \u012frankis 1300W"},"content":{"rendered":"<p>Maksimali galia: 1300W<\/p>\n<p>Maitinimo \u012ftampa: 230V \/ 50Hz<\/p>\n<p>Svyravimo kampas: 3,2 \u00b0<\/p>\n<p>Sukimosi greitis: 11 000 &#8211; 21 000 aps.\/min<\/p>\n<p>Grei\u010dio kontrol\u0117: 6 \u017eingsniai<\/p>\n<p>Svoris: 2,8 kg<\/p>\n<p>Rinkinio sud\u0117tis:<\/p>\n<p>1300W daugiafunkcis \u012frenginys<br \/>\nPeilis pjovimui, spyruoklinis plienas<\/p>\n<p>HSS pjovimo diskas<\/p>\n<p>Trikampio \u0161lifavimo diskas su Velcro<\/p>\n<p>Grandiklis<\/p>\n<p>20vnt.,sm\u0117lio popieriaus<\/p>\n<p>Siurbimo elementas<\/p>","protected":false},"excerpt":{"rendered":"<p>Oblius elektrinis 1550W<\/p>","protected":false},"featured_media":257967,"comment_status":"open","ping_status":"open","template":"","meta":[],"product_cat":[9760],"product_tag":[10104],"class_list":{"0":"post-257965","1":"product","2":"type-product","3":"status-publish","4":"has-post-thumbnail","6":"product_brand-kraftdele","7":"product_cat-daugiafunkciniai-irankiai-ir-priedai","8":"product_tag-kraftdele","10":"first","11":"outofstock","12":"purchasable","13":"product-type-simple"},"jetpack_sharing_enabled":true,"_links":{"self":[{"href":"https:\/\/irankiuzona.lt\/ru\/wp-json\/wp\/v2\/product\/257965","targetHints":{"allow":["GET"]}}],"collection":[{"href":"https:\/\/irankiuzona.lt\/ru\/wp-json\/wp\/v2\/product"}],"about":[{"href":"https:\/\/irankiuzona.lt\/ru\/wp-json\/wp\/v2\/types\/product"}],"replies":[{"embeddable":true,"href":"https:\/\/irankiuzona.lt\/ru\/wp-json\/wp\/v2\/comments?post=257965"}],"version-history":[{"count":1,"href":"https:\/\/irankiuzona.lt\/ru\/wp-json\/wp\/v2\/product\/257965\/revisions"}],"predecessor-version":[{"id":421133,"href":"https:\/\/irankiuzona.lt\/ru\/wp-json\/wp\/v2\/product\/257965\/revisions\/421133"}],"wp:featuredmedia":[{"embeddable":true,"href":"https:\/\/irankiuzona.lt\/ru\/wp-json\/wp\/v2\/media\/257967"}],"wp:attachment":[{"href":"https:\/\/irankiuzona.lt\/ru\/wp-json\/wp\/v2\/media?parent=257965"}],"wp:term":[{"taxonomy":"product_cat","embeddable":true,"href":"https:\/\/irankiuzona.lt\/ru\/wp-json\/wp\/v2\/product_cat?post=257965"},{"taxonomy":"product_tag","embeddable":true,"href":"https:\/\/irankiuzona.lt\/ru\/wp-json\/wp\/v2\/product_tag?post=257965"}],"curies":[{"name":"wp","href":"https:\/\/api.w.org\/{rel}","templated":true}]}}